{"id":1536,"date":"2021-11-30T01:45:00","date_gmt":"2021-11-30T04:45:00","guid":{"rendered":"https:\/\/ferreirawa.com.br\/cursos\/?post_type=product&#038;p=1536"},"modified":"2021-11-30T08:46:43","modified_gmt":"2021-11-30T11:46:43","slug":"e-book-curso-completo-issqn-imposto-sobre-servicos-de-qualquer-natureza","status":"publish","type":"product","link":"https:\/\/ferreirawa.com.br\/cursos\/produto\/e-book-curso-completo-issqn-imposto-sobre-servicos-de-qualquer-natureza\/","title":{"rendered":"E-book Curso Completo ISSqn &#8211; Imposto Sobre Servi\u00e7os de Qualquer Natureza"},"content":{"rendered":"<p>O ISSqn \u00e9 chamado de Imposto Sobre Servi\u00e7os de Qualquer Natureza e pode ser devido no estabelcimento do prestador ou no local da presta\u00e7\u00e3o dos servi\u00e7os. Este e-Book foi preparado com os mesmos conte\u00fados constantes dos Cursos em V\u00eddeos, com este material voc\u00ea poder\u00e1 imprimi-lo, encadern\u00e1-lo ou manter em arquivo na sua m\u00e1quina para sempre que precisar fazer a sua consulta. Os temas est\u00e3o distribu\u00eddos entre TEORIA e PR\u00c1TICA o que diferencia este e-Book dos Cursos Onlines \u00e9 que neles constam explana\u00e7\u00f5es complementares sobre cada t\u00f3pico de acordo com a minha experi\u00eancia de 30 anos de \u00e1rea tribut\u00e1ria e 20 anos no ramo da Constru\u00e7\u00e3o Civil, por isso, se poss\u00edvel \u00e9 importante que voc\u00ea adquira os cursos em v\u00eddeos e o e-Book para estudos e consultas complementares.<\/p>\n<p><iframe title=\"YouTube video player\" src=\"https:\/\/www.youtube.com\/embed\/wBZWhjWftNE\" width=\"720\" height=\"405\" frameborder=\"0\" allowfullscreen=\"allowfullscreen\"><span data-mce-type=\"bookmark\" style=\"display: inline-block; width: 0px; overflow: hidden; line-height: 0;\" class=\"mce_SELRES_start\">\ufeff<\/span><\/iframe><\/p>\n","protected":false},"excerpt":{"rendered":"<p>E-book Curso Completo ISSqn &#8211; Imposto Sobre Servi\u00e7os de Qualquer Natureza<\/p>\n","protected":false},"featured_media":1530,"comment_status":"open","ping_status":"closed","template":"","meta":{"ocean_post_layout":"","ocean_both_sidebars_style":"","ocean_both_sidebars_content_width":0,"ocean_both_sidebars_sidebars_width":0,"ocean_sidebar":"0","ocean_second_sidebar":"0","ocean_disable_margins":"enable","ocean_add_body_class":"","ocean_shortcode_before_top_bar":"","ocean_shortcode_after_top_bar":"","ocean_shortcode_before_header":"","ocean_shortcode_after_header":"","ocean_has_shortcode":"","ocean_shortcode_after_title":"","ocean_shortcode_before_footer_widgets":"","ocean_shortcode_after_footer_widgets":"","ocean_shortcode_before_footer_bottom":"","ocean_shortcode_after_footer_bottom":"","ocean_display_top_bar":"default","ocean_display_header":"default","ocean_header_style":"","ocean_center_header_left_menu":"0","ocean_custom_header_template":"0","ocean_custom_logo":0,"ocean_custom_retina_logo":0,"ocean_custom_logo_max_width":0,"ocean_custom_logo_tablet_max_width":0,"ocean_custom_logo_mobile_max_width":0,"ocean_custom_logo_max_height":0,"ocean_custom_logo_tablet_max_height":0,"ocean_custom_logo_mobile_max_height":0,"ocean_header_custom_menu":"0","ocean_menu_typo_font_family":"0","ocean_menu_typo_font_subset":"","ocean_menu_typo_font_size":0,"ocean_menu_typo_font_size_tablet":0,"ocean_menu_typo_font_size_mobile":0,"ocean_menu_typo_font_size_unit":"px","ocean_menu_typo_font_weight":"","ocean_menu_typo_font_weight_tablet":"","ocean_menu_typo_font_weight_mobile":"","ocean_menu_typo_transform":"","ocean_menu_typo_transform_tablet":"","ocean_menu_typo_transform_mobile":"","ocean_menu_typo_line_height":0,"ocean_menu_typo_line_height_tablet":0,"ocean_menu_typo_line_height_mobile":0,"ocean_menu_typo_line_height_unit":"","ocean_menu_typo_spacing":0,"ocean_menu_typo_spacing_tablet":0,"ocean_menu_typo_spacing_mobile":0,"ocean_menu_typo_spacing_unit":"","ocean_menu_link_color":"","ocean_menu_link_color_hover":"","ocean_menu_link_color_active":"","ocean_menu_link_background":"","ocean_menu_link_hover_background":"","ocean_menu_link_active_background":"","ocean_menu_social_links_bg":"","ocean_menu_social_hover_links_bg":"","ocean_menu_social_links_color":"","ocean_menu_social_hover_links_color":"","ocean_disable_title":"default","ocean_disable_heading":"default","ocean_post_title":"","ocean_post_subheading":"","ocean_post_title_style":"","ocean_post_title_background_color":"","ocean_post_title_background":0,"ocean_post_title_bg_image_position":"","ocean_post_title_bg_image_attachment":"","ocean_post_title_bg_image_repeat":"","ocean_post_title_bg_image_size":"","ocean_post_title_height":0,"ocean_post_title_bg_overlay":0.5,"ocean_post_title_bg_overlay_color":"","ocean_disable_breadcrumbs":"default","ocean_breadcrumbs_color":"","ocean_breadcrumbs_separator_color":"","ocean_breadcrumbs_links_color":"","ocean_breadcrumbs_links_hover_color":"","ocean_display_footer_widgets":"default","ocean_display_footer_bottom":"default","ocean_custom_footer_template":"0"},"product_brand":[],"product_cat":[46,45],"product_tag":[],"class_list":{"0":"post-1536","1":"product","2":"type-product","3":"status-publish","4":"has-post-thumbnail","6":"product_cat-e-book-curso-issqn","7":"product_cat-e-books-cursos-municipais","9":"entry","10":"has-media","12":"first","13":"instock","14":"downloadable","15":"purchasable","16":"product-type-simple","17":"has-product-nav","18":"col","19":"span_1_of_3","20":"owp-content-center","21":"owp-thumbs-layout-horizontal","22":"owp-btn-normal","23":"owp-tabs-layout-horizontal","24":"has-no-thumbnails"},"yoast_head":"<!-- This site is optimized with the Yoast SEO plugin v26.8 - https:\/\/yoast.com\/product\/yoast-seo-wordpress\/ -->\n<title>E-book Curso Completo ISSqn - Imposto Sobre Servi\u00e7os de Qualquer Natureza - Ferreirawa Cursos<\/title>\n<meta name=\"description\" content=\"E-book Curso Completo ISSqn - Imposto Sobre Servi\u00e7os de Qualquer Natureza - FerreiraWA\" \/>\n<meta name=\"robots\" content=\"index, follow, max-snippet:-1, max-image-preview:large, max-video-preview:-1\" \/>\n<link rel=\"canonical\" href=\"https:\/\/ferreirawa.com.br\/cursos\/produto\/e-book-curso-completo-issqn-imposto-sobre-servicos-de-qualquer-natureza\/\" \/>\n<meta property=\"og:locale\" content=\"pt_BR\" \/>\n<meta property=\"og:type\" content=\"article\" \/>\n<meta property=\"og:title\" content=\"E-book Curso Completo ISSqn - Imposto Sobre Servi\u00e7os de Qualquer Natureza - Ferreirawa Cursos\" \/>\n<meta property=\"og:description\" content=\"E-book Curso Completo ISSqn - Imposto Sobre Servi\u00e7os de Qualquer Natureza - FerreiraWA\" \/>\n<meta property=\"og:url\" content=\"https:\/\/ferreirawa.com.br\/cursos\/produto\/e-book-curso-completo-issqn-imposto-sobre-servicos-de-qualquer-natureza\/\" \/>\n<meta property=\"og:site_name\" content=\"Ferreirawa Cursos\" \/>\n<meta property=\"article:modified_time\" content=\"2021-11-30T11:46:43+00:00\" \/>\n<meta property=\"og:image\" content=\"https:\/\/ferreirawa.com.br\/cursos\/wp-content\/uploads\/2021\/11\/e-book-curso-issqn.png\" \/>\n\t<meta property=\"og:image:width\" content=\"1000\" \/>\n\t<meta property=\"og:image:height\" content=\"688\" \/>\n\t<meta property=\"og:image:type\" content=\"image\/png\" \/>\n<meta name=\"twitter:card\" content=\"summary_large_image\" \/>\n<meta name=\"twitter:label1\" content=\"Est. tempo de leitura\" \/>\n\t<meta name=\"twitter:data1\" content=\"1 minuto\" \/>\n<script type=\"application\/ld+json\" class=\"yoast-schema-graph\">{\"@context\":\"https:\/\/schema.org\",\"@graph\":[{\"@type\":\"WebPage\",\"@id\":\"https:\/\/ferreirawa.com.br\/cursos\/produto\/e-book-curso-completo-issqn-imposto-sobre-servicos-de-qualquer-natureza\/\",\"url\":\"https:\/\/ferreirawa.com.br\/cursos\/produto\/e-book-curso-completo-issqn-imposto-sobre-servicos-de-qualquer-natureza\/\",\"name\":\"E-book Curso Completo ISSqn - Imposto Sobre Servi\u00e7os de Qualquer Natureza - Ferreirawa Cursos\",\"isPartOf\":{\"@id\":\"https:\/\/ferreirawa.com.br\/cursos\/#website\"},\"primaryImageOfPage\":{\"@id\":\"https:\/\/ferreirawa.com.br\/cursos\/produto\/e-book-curso-completo-issqn-imposto-sobre-servicos-de-qualquer-natureza\/#primaryimage\"},\"image\":{\"@id\":\"https:\/\/ferreirawa.com.br\/cursos\/produto\/e-book-curso-completo-issqn-imposto-sobre-servicos-de-qualquer-natureza\/#primaryimage\"},\"thumbnailUrl\":\"https:\/\/ferreirawa.com.br\/cursos\/wp-content\/uploads\/2021\/11\/e-book-curso-issqn.png\",\"datePublished\":\"2021-11-30T04:45:00+00:00\",\"dateModified\":\"2021-11-30T11:46:43+00:00\",\"description\":\"E-book Curso Completo ISSqn - Imposto Sobre Servi\u00e7os de Qualquer Natureza - FerreiraWA\",\"breadcrumb\":{\"@id\":\"https:\/\/ferreirawa.com.br\/cursos\/produto\/e-book-curso-completo-issqn-imposto-sobre-servicos-de-qualquer-natureza\/#breadcrumb\"},\"inLanguage\":\"pt-BR\",\"potentialAction\":[{\"@type\":\"ReadAction\",\"target\":[\"https:\/\/ferreirawa.com.br\/cursos\/produto\/e-book-curso-completo-issqn-imposto-sobre-servicos-de-qualquer-natureza\/\"]}]},{\"@type\":\"ImageObject\",\"inLanguage\":\"pt-BR\",\"@id\":\"https:\/\/ferreirawa.com.br\/cursos\/produto\/e-book-curso-completo-issqn-imposto-sobre-servicos-de-qualquer-natureza\/#primaryimage\",\"url\":\"https:\/\/ferreirawa.com.br\/cursos\/wp-content\/uploads\/2021\/11\/e-book-curso-issqn.png\",\"contentUrl\":\"https:\/\/ferreirawa.com.br\/cursos\/wp-content\/uploads\/2021\/11\/e-book-curso-issqn.png\",\"width\":1000,\"height\":688,\"caption\":\"E-book curso ISSqn\"},{\"@type\":\"BreadcrumbList\",\"@id\":\"https:\/\/ferreirawa.com.br\/cursos\/produto\/e-book-curso-completo-issqn-imposto-sobre-servicos-de-qualquer-natureza\/#breadcrumb\",\"itemListElement\":[{\"@type\":\"ListItem\",\"position\":1,\"name\":\"In\u00edcio\",\"item\":\"https:\/\/ferreirawa.com.br\/cursos\/\"},{\"@type\":\"ListItem\",\"position\":2,\"name\":\"Loja\",\"item\":\"https:\/\/ferreirawa.com.br\/cursos\/loja\/\"},{\"@type\":\"ListItem\",\"position\":3,\"name\":\"E-book Curso Completo ISSqn &#8211; Imposto Sobre Servi\u00e7os de Qualquer Natureza\"}]},{\"@type\":\"WebSite\",\"@id\":\"https:\/\/ferreirawa.com.br\/cursos\/#website\",\"url\":\"https:\/\/ferreirawa.com.br\/cursos\/\",\"name\":\"Ferreirawa Cursos\",\"description\":\"Acessoria Especializada, Cont\u00e1bil, fiscal e previdenci\u00e1rio\",\"publisher\":{\"@id\":\"https:\/\/ferreirawa.com.br\/cursos\/#organization\"},\"potentialAction\":[{\"@type\":\"SearchAction\",\"target\":{\"@type\":\"EntryPoint\",\"urlTemplate\":\"https:\/\/ferreirawa.com.br\/cursos\/?s={search_term_string}\"},\"query-input\":{\"@type\":\"PropertyValueSpecification\",\"valueRequired\":true,\"valueName\":\"search_term_string\"}}],\"inLanguage\":\"pt-BR\"},{\"@type\":\"Organization\",\"@id\":\"https:\/\/ferreirawa.com.br\/cursos\/#organization\",\"name\":\"Ferreirawa Cursos\",\"url\":\"https:\/\/ferreirawa.com.br\/cursos\/\",\"logo\":{\"@type\":\"ImageObject\",\"inLanguage\":\"pt-BR\",\"@id\":\"https:\/\/ferreirawa.com.br\/cursos\/#\/schema\/logo\/image\/\",\"url\":\"https:\/\/ferreirawa.com.br\/cursos\/wp-content\/uploads\/2021\/05\/logo.png\",\"contentUrl\":\"https:\/\/ferreirawa.com.br\/cursos\/wp-content\/uploads\/2021\/05\/logo.png\",\"width\":237,\"height\":88,\"caption\":\"Ferreirawa Cursos\"},\"image\":{\"@id\":\"https:\/\/ferreirawa.com.br\/cursos\/#\/schema\/logo\/image\/\"}}]}<\/script>\n<!-- \/ Yoast SEO plugin. -->","yoast_head_json":{"title":"E-book Curso Completo ISSqn - Imposto Sobre Servi\u00e7os de Qualquer Natureza - Ferreirawa Cursos","description":"E-book Curso Completo ISSqn - Imposto Sobre Servi\u00e7os de Qualquer Natureza - FerreiraWA","robots":{"index":"index","follow":"follow","max-snippet":"max-snippet:-1","max-image-preview":"max-image-preview:large","max-video-preview":"max-video-preview:-1"},"canonical":"https:\/\/ferreirawa.com.br\/cursos\/produto\/e-book-curso-completo-issqn-imposto-sobre-servicos-de-qualquer-natureza\/","og_locale":"pt_BR","og_type":"article","og_title":"E-book Curso Completo ISSqn - Imposto Sobre Servi\u00e7os de Qualquer Natureza - Ferreirawa Cursos","og_description":"E-book Curso Completo ISSqn - Imposto Sobre Servi\u00e7os de Qualquer Natureza - FerreiraWA","og_url":"https:\/\/ferreirawa.com.br\/cursos\/produto\/e-book-curso-completo-issqn-imposto-sobre-servicos-de-qualquer-natureza\/","og_site_name":"Ferreirawa Cursos","article_modified_time":"2021-11-30T11:46:43+00:00","og_image":[{"width":1000,"height":688,"url":"https:\/\/ferreirawa.com.br\/cursos\/wp-content\/uploads\/2021\/11\/e-book-curso-issqn.png","type":"image\/png"}],"twitter_card":"summary_large_image","twitter_misc":{"Est. tempo de leitura":"1 minuto"},"schema":{"@context":"https:\/\/schema.org","@graph":[{"@type":"WebPage","@id":"https:\/\/ferreirawa.com.br\/cursos\/produto\/e-book-curso-completo-issqn-imposto-sobre-servicos-de-qualquer-natureza\/","url":"https:\/\/ferreirawa.com.br\/cursos\/produto\/e-book-curso-completo-issqn-imposto-sobre-servicos-de-qualquer-natureza\/","name":"E-book Curso Completo ISSqn - Imposto Sobre Servi\u00e7os de Qualquer Natureza - Ferreirawa Cursos","isPartOf":{"@id":"https:\/\/ferreirawa.com.br\/cursos\/#website"},"primaryImageOfPage":{"@id":"https:\/\/ferreirawa.com.br\/cursos\/produto\/e-book-curso-completo-issqn-imposto-sobre-servicos-de-qualquer-natureza\/#primaryimage"},"image":{"@id":"https:\/\/ferreirawa.com.br\/cursos\/produto\/e-book-curso-completo-issqn-imposto-sobre-servicos-de-qualquer-natureza\/#primaryimage"},"thumbnailUrl":"https:\/\/ferreirawa.com.br\/cursos\/wp-content\/uploads\/2021\/11\/e-book-curso-issqn.png","datePublished":"2021-11-30T04:45:00+00:00","dateModified":"2021-11-30T11:46:43+00:00","description":"E-book Curso Completo ISSqn - Imposto Sobre Servi\u00e7os de Qualquer Natureza - FerreiraWA","breadcrumb":{"@id":"https:\/\/ferreirawa.com.br\/cursos\/produto\/e-book-curso-completo-issqn-imposto-sobre-servicos-de-qualquer-natureza\/#breadcrumb"},"inLanguage":"pt-BR","potentialAction":[{"@type":"ReadAction","target":["https:\/\/ferreirawa.com.br\/cursos\/produto\/e-book-curso-completo-issqn-imposto-sobre-servicos-de-qualquer-natureza\/"]}]},{"@type":"ImageObject","inLanguage":"pt-BR","@id":"https:\/\/ferreirawa.com.br\/cursos\/produto\/e-book-curso-completo-issqn-imposto-sobre-servicos-de-qualquer-natureza\/#primaryimage","url":"https:\/\/ferreirawa.com.br\/cursos\/wp-content\/uploads\/2021\/11\/e-book-curso-issqn.png","contentUrl":"https:\/\/ferreirawa.com.br\/cursos\/wp-content\/uploads\/2021\/11\/e-book-curso-issqn.png","width":1000,"height":688,"caption":"E-book curso ISSqn"},{"@type":"BreadcrumbList","@id":"https:\/\/ferreirawa.com.br\/cursos\/produto\/e-book-curso-completo-issqn-imposto-sobre-servicos-de-qualquer-natureza\/#breadcrumb","itemListElement":[{"@type":"ListItem","position":1,"name":"In\u00edcio","item":"https:\/\/ferreirawa.com.br\/cursos\/"},{"@type":"ListItem","position":2,"name":"Loja","item":"https:\/\/ferreirawa.com.br\/cursos\/loja\/"},{"@type":"ListItem","position":3,"name":"E-book Curso Completo ISSqn &#8211; Imposto Sobre Servi\u00e7os de Qualquer Natureza"}]},{"@type":"WebSite","@id":"https:\/\/ferreirawa.com.br\/cursos\/#website","url":"https:\/\/ferreirawa.com.br\/cursos\/","name":"Ferreirawa Cursos","description":"Acessoria Especializada, Cont\u00e1bil, fiscal e previdenci\u00e1rio","publisher":{"@id":"https:\/\/ferreirawa.com.br\/cursos\/#organization"},"potentialAction":[{"@type":"SearchAction","target":{"@type":"EntryPoint","urlTemplate":"https:\/\/ferreirawa.com.br\/cursos\/?s={search_term_string}"},"query-input":{"@type":"PropertyValueSpecification","valueRequired":true,"valueName":"search_term_string"}}],"inLanguage":"pt-BR"},{"@type":"Organization","@id":"https:\/\/ferreirawa.com.br\/cursos\/#organization","name":"Ferreirawa Cursos","url":"https:\/\/ferreirawa.com.br\/cursos\/","logo":{"@type":"ImageObject","inLanguage":"pt-BR","@id":"https:\/\/ferreirawa.com.br\/cursos\/#\/schema\/logo\/image\/","url":"https:\/\/ferreirawa.com.br\/cursos\/wp-content\/uploads\/2021\/05\/logo.png","contentUrl":"https:\/\/ferreirawa.com.br\/cursos\/wp-content\/uploads\/2021\/05\/logo.png","width":237,"height":88,"caption":"Ferreirawa Cursos"},"image":{"@id":"https:\/\/ferreirawa.com.br\/cursos\/#\/schema\/logo\/image\/"}}]}},"_links":{"self":[{"href":"https:\/\/ferreirawa.com.br\/cursos\/wp-json\/wp\/v2\/product\/1536","targetHints":{"allow":["GET"]}}],"collection":[{"href":"https:\/\/ferreirawa.com.br\/cursos\/wp-json\/wp\/v2\/product"}],"about":[{"href":"https:\/\/ferreirawa.com.br\/cursos\/wp-json\/wp\/v2\/types\/product"}],"replies":[{"embeddable":true,"href":"https:\/\/ferreirawa.com.br\/cursos\/wp-json\/wp\/v2\/comments?post=1536"}],"wp:featuredmedia":[{"embeddable":true,"href":"https:\/\/ferreirawa.com.br\/cursos\/wp-json\/wp\/v2\/media\/1530"}],"wp:attachment":[{"href":"https:\/\/ferreirawa.com.br\/cursos\/wp-json\/wp\/v2\/media?parent=1536"}],"wp:term":[{"taxonomy":"product_brand","embeddable":true,"href":"https:\/\/ferreirawa.com.br\/cursos\/wp-json\/wp\/v2\/product_brand?post=1536"},{"taxonomy":"product_cat","embeddable":true,"href":"https:\/\/ferreirawa.com.br\/cursos\/wp-json\/wp\/v2\/product_cat?post=1536"},{"taxonomy":"product_tag","embeddable":true,"href":"https:\/\/ferreirawa.com.br\/cursos\/wp-json\/wp\/v2\/product_tag?post=1536"}],"curies":[{"name":"wp","href":"https:\/\/api.w.org\/{rel}","templated":true}]}}