{"id":1849,"date":"2022-07-06T13:24:46","date_gmt":"2022-07-06T16:24:46","guid":{"rendered":"https:\/\/ferreirawa.com.br\/cursos\/?post_type=product&#038;p=1849"},"modified":"2023-07-05T11:55:10","modified_gmt":"2023-07-05T14:55:10","slug":"combo-de-cursos-ferreirawa-sero-cno","status":"publish","type":"product","link":"https:\/\/ferreirawa.com.br\/cursos\/produto\/combo-de-cursos-ferreirawa-sero-cno\/","title":{"rendered":"Combo de Cursos FerreiraWA SERO + CNO"},"content":{"rendered":"<p>Combo de Cursos FerreiraWA SERO + CNO &#8211; comprando o combo voc\u00ea vai ter acesso durante 1 ano aos cursos:<\/p>\n<p><strong>&#8211; Curso SERO \u2013 Sistema Eletr\u00f4nico de Aferi\u00e7\u00e3o de Obras<\/strong><br \/>\nClique no bot\u00e3o abaixo para visualizar a descri\u00e7\u00e3o do conte\u00fado do curso.<\/p>\n<p><a class=\"btn-ver-conteudo\" href=\"https:\/\/ferreirawa.com.br\/cursos\/course\/curso-sero-sistema-eletronico-de-afericao-de-obras\/\" target=\"_blank\" rel=\"noopener\">VISUALIZAR CONTE\u00daDO<\/a><\/p>\n<p><strong>&#8211; Curso CNO \u2013 Cadastro Nacional de Obras<\/strong><br \/>\nClique no bot\u00e3o abaixo para visualizar a descri\u00e7\u00e3o do conte\u00fado do curso.<\/p>\n<p><a class=\"btn-ver-conteudo\" href=\"https:\/\/ferreirawa.com.br\/cursos\/course\/curso-cno-cadastro-nacional-de-obras\/\" target=\"_blank\" rel=\"noopener\">VISUALIZAR CONTE\u00daDO<\/a><\/p>\n<p>E ainda vai levar gr\u00e1tis o Curso do INSS + os e-books dos cursos:<\/p>\n<p><strong>&#8211; Curso do INSS \u2013 Reten\u00e7\u00f5es na fonte INSS 11% ou 3,5% &#8211; Teoria<\/strong><br \/>\nClique no bot\u00e3o abaixo para visualizar a descri\u00e7\u00e3o do conte\u00fado do curso.<\/p>\n<p><a class=\"btn-ver-conteudo\" href=\"https:\/\/ferreirawa.com.br\/cursos\/course\/curso-inss-retencao-na-fonte-de-inss-11-ou-35-teoria\/\" target=\"_blank\" rel=\"noopener\">VISUALIZAR CONTE\u00daDO<\/a><\/p>\n<p><strong>&#8211; Curso do INSS \u2013 Reten\u00e7\u00f5es na fonte INSS 11% ou 3,5% &#8211; Pr\u00e1tica<\/strong><br \/>\nClique no bot\u00e3o abaixo para visualizar a descri\u00e7\u00e3o do conte\u00fado do curso.<\/p>\n<p><a class=\"btn-ver-conteudo\" href=\"https:\/\/ferreirawa.com.br\/cursos\/course\/curso-inss-retencao-na-fonte-de-inss-11-ou-35-pratica\/\" target=\"_blank\" rel=\"noopener\">VISUALIZAR CONTE\u00daDO<\/a><\/p>\n<p><strong>&#8211; Curso do INSS \u2013 Reten\u00e7\u00f5es na fonte INSS 11% ou 3,5% &#8211; CNO e SERO \u2013 Regulariza\u00e7\u00e3o de obras \u2013 CND<\/strong><br \/>\nClique no bot\u00e3o abaixo para visualizar a descri\u00e7\u00e3o do conte\u00fado do curso.<\/p>\n<p><a class=\"btn-ver-conteudo\" href=\"https:\/\/ferreirawa.com.br\/cursos\/course\/curso-inss-retencao-na-fonte-de-inss-11-ou-35-cno-e-sero-regularizacao-de-obras-cnd\/\" target=\"_blank\" rel=\"noopener\">VISUALIZAR CONTE\u00daDO<\/a><\/p>\n<p><strong>&#8211; E-book Curso Completo INSS \u2013 Reten\u00e7\u00f5es na fonte INSS 11% ou 3,5%<\/strong><br \/>\n<strong>&#8211; E-book Curso Completo SERO \u2013 Sistema Eletr\u00f4nico de Aferi\u00e7\u00e3o de Obras<\/strong><br \/>\n<strong>&#8211; E-book Curso Completo CNO \u2013 Cadastro Nacional de Obras<\/strong><\/p>\n<p>N\u00e3o perca esta oportunidade.<\/p>\n<p>Aprender a fazer a regulariza\u00e7\u00e3o da sua obra desde do in\u00edcio com a cria\u00e7\u00e3o da inscri\u00e7\u00e3o do CNO at\u00e9 a obten\u00e7\u00e3o do CND.<\/p>\n<p>Os Cursos CNO e SERO s\u00e3o a solu\u00e7\u00e3o perfeita para voc\u00ea que deseja se regularizar economicamente.<\/p>\n<p>Eles s\u00e3o milimetricamente pensado para quem deseja obter conhecimento sobre os seus direitos tribut\u00e1rios.<\/p>\n<p>Apreender a regularizar sua OBRA \u00e9 de extrema import\u00e2ncia para garantir o sucesso dos seus projetos.<\/p>\n<p>Evitem multas, dores de cabe\u00e7a e pendencias financeiras. Apreenda hoje a lidar com o sistema tribut\u00e1rio do Brasil em curso 100% Online.<\/p>\n","protected":false},"excerpt":{"rendered":"<p>Combo de Cursos FerreiraWA SERO + CNO &#8211; comprando o combo voc\u00ea vai ter acesso durante 1 ano aos cursos: [&hellip;]<\/p>\n","protected":false},"featured_media":2742,"comment_status":"open","ping_status":"closed","template":"","meta":{"ocean_post_layout":"","ocean_both_sidebars_style":"","ocean_both_sidebars_content_width":0,"ocean_both_sidebars_sidebars_width":0,"ocean_sidebar":"0","ocean_second_sidebar":"0","ocean_disable_margins":"enable","ocean_add_body_class":"","ocean_shortcode_before_top_bar":"","ocean_shortcode_after_top_bar":"","ocean_shortcode_before_header":"","ocean_shortcode_after_header":"","ocean_has_shortcode":"","ocean_shortcode_after_title":"","ocean_shortcode_before_footer_widgets":"","ocean_shortcode_after_footer_widgets":"","ocean_shortcode_before_footer_bottom":"","ocean_shortcode_after_footer_bottom":"","ocean_display_top_bar":"default","ocean_display_header":"default","ocean_header_style":"","ocean_center_header_left_menu":"0","ocean_custom_header_template":"0","ocean_custom_logo":0,"ocean_custom_retina_logo":0,"ocean_custom_logo_max_width":0,"ocean_custom_logo_tablet_max_width":0,"ocean_custom_logo_mobile_max_width":0,"ocean_custom_logo_max_height":0,"ocean_custom_logo_tablet_max_height":0,"ocean_custom_logo_mobile_max_height":0,"ocean_header_custom_menu":"0","ocean_menu_typo_font_family":"0","ocean_menu_typo_font_subset":"","ocean_menu_typo_font_size":0,"ocean_menu_typo_font_size_tablet":0,"ocean_menu_typo_font_size_mobile":0,"ocean_menu_typo_font_size_unit":"px","ocean_menu_typo_font_weight":"","ocean_menu_typo_font_weight_tablet":"","ocean_menu_typo_font_weight_mobile":"","ocean_menu_typo_transform":"","ocean_menu_typo_transform_tablet":"","ocean_menu_typo_transform_mobile":"","ocean_menu_typo_line_height":0,"ocean_menu_typo_line_height_tablet":0,"ocean_menu_typo_line_height_mobile":0,"ocean_menu_typo_line_height_unit":"","ocean_menu_typo_spacing":0,"ocean_menu_typo_spacing_tablet":0,"ocean_menu_typo_spacing_mobile":0,"ocean_menu_typo_spacing_unit":"","ocean_menu_link_color":"","ocean_menu_link_color_hover":"","ocean_menu_link_color_active":"","ocean_menu_link_background":"","ocean_menu_link_hover_background":"","ocean_menu_link_active_background":"","ocean_menu_social_links_bg":"","ocean_menu_social_hover_links_bg":"","ocean_menu_social_links_color":"","ocean_menu_social_hover_links_color":"","ocean_disable_title":"default","ocean_disable_heading":"default","ocean_post_title":"","ocean_post_subheading":"","ocean_post_title_style":"","ocean_post_title_background_color":"","ocean_post_title_background":0,"ocean_post_title_bg_image_position":"","ocean_post_title_bg_image_attachment":"","ocean_post_title_bg_image_repeat":"","ocean_post_title_bg_image_size":"","ocean_post_title_height":0,"ocean_post_title_bg_overlay":0.5,"ocean_post_title_bg_overlay_color":"","ocean_disable_breadcrumbs":"default","ocean_breadcrumbs_color":"","ocean_breadcrumbs_separator_color":"","ocean_breadcrumbs_links_color":"","ocean_breadcrumbs_links_hover_color":"","ocean_display_footer_widgets":"default","ocean_display_footer_bottom":"default","ocean_custom_footer_template":"0"},"product_brand":[],"product_cat":[34,52,41,48,47],"product_tag":[],"class_list":{"0":"post-1849","1":"product","2":"type-product","3":"status-publish","4":"has-post-thumbnail","6":"product_cat-cursos-ferreirawa","7":"product_cat-combo-cursos","8":"product_cat-e-book-curso-cno","9":"product_cat-e-book-curso-sero-pratica","10":"product_cat-e-book-curso-sero-teoria","12":"entry","13":"has-media","15":"first","16":"instock","17":"sale","18":"purchasable","19":"product-type-simple","20":"has-product-nav","21":"col","22":"span_1_of_3","23":"owp-content-center","24":"owp-thumbs-layout-horizontal","25":"owp-btn-normal","26":"owp-tabs-layout-horizontal","27":"has-no-thumbnails"},"yoast_head":"<!-- This site is optimized with the Yoast SEO plugin v26.8 - https:\/\/yoast.com\/product\/yoast-seo-wordpress\/ -->\n<title>Combo de Cursos FerreiraWA SERO + CNO - Ferreirawa Cursos<\/title>\n<meta name=\"description\" content=\"Aprender a fazer a regulariza\u00e7\u00e3o da sua obra desde do in\u00edcio com a cria\u00e7\u00e3o da inscri\u00e7\u00e3o do CNO at\u00e9 a obten\u00e7\u00e3o do CND.\" \/>\n<meta name=\"robots\" content=\"index, follow, max-snippet:-1, max-image-preview:large, max-video-preview:-1\" \/>\n<link rel=\"canonical\" href=\"https:\/\/ferreirawa.com.br\/cursos\/produto\/combo-de-cursos-ferreirawa-sero-cno\/\" \/>\n<meta property=\"og:locale\" content=\"pt_BR\" \/>\n<meta property=\"og:type\" content=\"article\" \/>\n<meta property=\"og:title\" content=\"Combo de Cursos FerreiraWA SERO + CNO - Ferreirawa Cursos\" \/>\n<meta property=\"og:description\" content=\"Aprender a fazer a regulariza\u00e7\u00e3o da sua obra desde do in\u00edcio com a cria\u00e7\u00e3o da inscri\u00e7\u00e3o do CNO at\u00e9 a obten\u00e7\u00e3o do CND.\" \/>\n<meta property=\"og:url\" content=\"https:\/\/ferreirawa.com.br\/cursos\/produto\/combo-de-cursos-ferreirawa-sero-cno\/\" \/>\n<meta property=\"og:site_name\" content=\"Ferreirawa Cursos\" \/>\n<meta property=\"article:modified_time\" content=\"2023-07-05T14:55:10+00:00\" \/>\n<meta property=\"og:image\" content=\"https:\/\/ferreirawa.com.br\/cursos\/wp-content\/uploads\/2022\/07\/combo-de-cursos-serocno-ferreira-wa.png\" \/>\n\t<meta property=\"og:image:width\" content=\"600\" \/>\n\t<meta property=\"og:image:height\" content=\"400\" \/>\n\t<meta property=\"og:image:type\" content=\"image\/png\" \/>\n<meta name=\"twitter:card\" content=\"summary_large_image\" \/>\n<meta name=\"twitter:label1\" content=\"Est. tempo de leitura\" \/>\n\t<meta name=\"twitter:data1\" content=\"2 minutos\" \/>\n<script type=\"application\/ld+json\" class=\"yoast-schema-graph\">{\"@context\":\"https:\/\/schema.org\",\"@graph\":[{\"@type\":\"WebPage\",\"@id\":\"https:\/\/ferreirawa.com.br\/cursos\/produto\/combo-de-cursos-ferreirawa-sero-cno\/\",\"url\":\"https:\/\/ferreirawa.com.br\/cursos\/produto\/combo-de-cursos-ferreirawa-sero-cno\/\",\"name\":\"Combo de Cursos FerreiraWA SERO + CNO - Ferreirawa Cursos\",\"isPartOf\":{\"@id\":\"https:\/\/ferreirawa.com.br\/cursos\/#website\"},\"primaryImageOfPage\":{\"@id\":\"https:\/\/ferreirawa.com.br\/cursos\/produto\/combo-de-cursos-ferreirawa-sero-cno\/#primaryimage\"},\"image\":{\"@id\":\"https:\/\/ferreirawa.com.br\/cursos\/produto\/combo-de-cursos-ferreirawa-sero-cno\/#primaryimage\"},\"thumbnailUrl\":\"https:\/\/ferreirawa.com.br\/cursos\/wp-content\/uploads\/2022\/07\/combo-de-cursos-serocno-ferreira-wa.png\",\"datePublished\":\"2022-07-06T16:24:46+00:00\",\"dateModified\":\"2023-07-05T14:55:10+00:00\",\"description\":\"Aprender a fazer a regulariza\u00e7\u00e3o da sua obra desde do in\u00edcio com a cria\u00e7\u00e3o da inscri\u00e7\u00e3o do CNO at\u00e9 a obten\u00e7\u00e3o do CND.\",\"breadcrumb\":{\"@id\":\"https:\/\/ferreirawa.com.br\/cursos\/produto\/combo-de-cursos-ferreirawa-sero-cno\/#breadcrumb\"},\"inLanguage\":\"pt-BR\",\"potentialAction\":[{\"@type\":\"ReadAction\",\"target\":[\"https:\/\/ferreirawa.com.br\/cursos\/produto\/combo-de-cursos-ferreirawa-sero-cno\/\"]}]},{\"@type\":\"ImageObject\",\"inLanguage\":\"pt-BR\",\"@id\":\"https:\/\/ferreirawa.com.br\/cursos\/produto\/combo-de-cursos-ferreirawa-sero-cno\/#primaryimage\",\"url\":\"https:\/\/ferreirawa.com.br\/cursos\/wp-content\/uploads\/2022\/07\/combo-de-cursos-serocno-ferreira-wa.png\",\"contentUrl\":\"https:\/\/ferreirawa.com.br\/cursos\/wp-content\/uploads\/2022\/07\/combo-de-cursos-serocno-ferreira-wa.png\",\"width\":600,\"height\":400,\"caption\":\"Combo de Cursos FerreiraWA\"},{\"@type\":\"BreadcrumbList\",\"@id\":\"https:\/\/ferreirawa.com.br\/cursos\/produto\/combo-de-cursos-ferreirawa-sero-cno\/#breadcrumb\",\"itemListElement\":[{\"@type\":\"ListItem\",\"position\":1,\"name\":\"In\u00edcio\",\"item\":\"https:\/\/ferreirawa.com.br\/cursos\/\"},{\"@type\":\"ListItem\",\"position\":2,\"name\":\"Loja\",\"item\":\"https:\/\/ferreirawa.com.br\/cursos\/loja\/\"},{\"@type\":\"ListItem\",\"position\":3,\"name\":\"Combo de Cursos FerreiraWA SERO + CNO\"}]},{\"@type\":\"WebSite\",\"@id\":\"https:\/\/ferreirawa.com.br\/cursos\/#website\",\"url\":\"https:\/\/ferreirawa.com.br\/cursos\/\",\"name\":\"Ferreirawa Cursos\",\"description\":\"Acessoria Especializada, Cont\u00e1bil, fiscal e previdenci\u00e1rio\",\"publisher\":{\"@id\":\"https:\/\/ferreirawa.com.br\/cursos\/#organization\"},\"potentialAction\":[{\"@type\":\"SearchAction\",\"target\":{\"@type\":\"EntryPoint\",\"urlTemplate\":\"https:\/\/ferreirawa.com.br\/cursos\/?s={search_term_string}\"},\"query-input\":{\"@type\":\"PropertyValueSpecification\",\"valueRequired\":true,\"valueName\":\"search_term_string\"}}],\"inLanguage\":\"pt-BR\"},{\"@type\":\"Organization\",\"@id\":\"https:\/\/ferreirawa.com.br\/cursos\/#organization\",\"name\":\"Ferreirawa Cursos\",\"url\":\"https:\/\/ferreirawa.com.br\/cursos\/\",\"logo\":{\"@type\":\"ImageObject\",\"inLanguage\":\"pt-BR\",\"@id\":\"https:\/\/ferreirawa.com.br\/cursos\/#\/schema\/logo\/image\/\",\"url\":\"https:\/\/ferreirawa.com.br\/cursos\/wp-content\/uploads\/2021\/05\/logo.png\",\"contentUrl\":\"https:\/\/ferreirawa.com.br\/cursos\/wp-content\/uploads\/2021\/05\/logo.png\",\"width\":237,\"height\":88,\"caption\":\"Ferreirawa Cursos\"},\"image\":{\"@id\":\"https:\/\/ferreirawa.com.br\/cursos\/#\/schema\/logo\/image\/\"}}]}<\/script>\n<!-- \/ Yoast SEO plugin. -->","yoast_head_json":{"title":"Combo de Cursos FerreiraWA SERO + CNO - Ferreirawa Cursos","description":"Aprender a fazer a regulariza\u00e7\u00e3o da sua obra desde do in\u00edcio com a cria\u00e7\u00e3o da inscri\u00e7\u00e3o do CNO at\u00e9 a obten\u00e7\u00e3o do CND.","robots":{"index":"index","follow":"follow","max-snippet":"max-snippet:-1","max-image-preview":"max-image-preview:large","max-video-preview":"max-video-preview:-1"},"canonical":"https:\/\/ferreirawa.com.br\/cursos\/produto\/combo-de-cursos-ferreirawa-sero-cno\/","og_locale":"pt_BR","og_type":"article","og_title":"Combo de Cursos FerreiraWA SERO + CNO - Ferreirawa Cursos","og_description":"Aprender a fazer a regulariza\u00e7\u00e3o da sua obra desde do in\u00edcio com a cria\u00e7\u00e3o da inscri\u00e7\u00e3o do CNO at\u00e9 a obten\u00e7\u00e3o do CND.","og_url":"https:\/\/ferreirawa.com.br\/cursos\/produto\/combo-de-cursos-ferreirawa-sero-cno\/","og_site_name":"Ferreirawa Cursos","article_modified_time":"2023-07-05T14:55:10+00:00","og_image":[{"width":600,"height":400,"url":"https:\/\/ferreirawa.com.br\/cursos\/wp-content\/uploads\/2022\/07\/combo-de-cursos-serocno-ferreira-wa.png","type":"image\/png"}],"twitter_card":"summary_large_image","twitter_misc":{"Est. tempo de leitura":"2 minutos"},"schema":{"@context":"https:\/\/schema.org","@graph":[{"@type":"WebPage","@id":"https:\/\/ferreirawa.com.br\/cursos\/produto\/combo-de-cursos-ferreirawa-sero-cno\/","url":"https:\/\/ferreirawa.com.br\/cursos\/produto\/combo-de-cursos-ferreirawa-sero-cno\/","name":"Combo de Cursos FerreiraWA SERO + CNO - Ferreirawa Cursos","isPartOf":{"@id":"https:\/\/ferreirawa.com.br\/cursos\/#website"},"primaryImageOfPage":{"@id":"https:\/\/ferreirawa.com.br\/cursos\/produto\/combo-de-cursos-ferreirawa-sero-cno\/#primaryimage"},"image":{"@id":"https:\/\/ferreirawa.com.br\/cursos\/produto\/combo-de-cursos-ferreirawa-sero-cno\/#primaryimage"},"thumbnailUrl":"https:\/\/ferreirawa.com.br\/cursos\/wp-content\/uploads\/2022\/07\/combo-de-cursos-serocno-ferreira-wa.png","datePublished":"2022-07-06T16:24:46+00:00","dateModified":"2023-07-05T14:55:10+00:00","description":"Aprender a fazer a regulariza\u00e7\u00e3o da sua obra desde do in\u00edcio com a cria\u00e7\u00e3o da inscri\u00e7\u00e3o do CNO at\u00e9 a obten\u00e7\u00e3o do CND.","breadcrumb":{"@id":"https:\/\/ferreirawa.com.br\/cursos\/produto\/combo-de-cursos-ferreirawa-sero-cno\/#breadcrumb"},"inLanguage":"pt-BR","potentialAction":[{"@type":"ReadAction","target":["https:\/\/ferreirawa.com.br\/cursos\/produto\/combo-de-cursos-ferreirawa-sero-cno\/"]}]},{"@type":"ImageObject","inLanguage":"pt-BR","@id":"https:\/\/ferreirawa.com.br\/cursos\/produto\/combo-de-cursos-ferreirawa-sero-cno\/#primaryimage","url":"https:\/\/ferreirawa.com.br\/cursos\/wp-content\/uploads\/2022\/07\/combo-de-cursos-serocno-ferreira-wa.png","contentUrl":"https:\/\/ferreirawa.com.br\/cursos\/wp-content\/uploads\/2022\/07\/combo-de-cursos-serocno-ferreira-wa.png","width":600,"height":400,"caption":"Combo de Cursos FerreiraWA"},{"@type":"BreadcrumbList","@id":"https:\/\/ferreirawa.com.br\/cursos\/produto\/combo-de-cursos-ferreirawa-sero-cno\/#breadcrumb","itemListElement":[{"@type":"ListItem","position":1,"name":"In\u00edcio","item":"https:\/\/ferreirawa.com.br\/cursos\/"},{"@type":"ListItem","position":2,"name":"Loja","item":"https:\/\/ferreirawa.com.br\/cursos\/loja\/"},{"@type":"ListItem","position":3,"name":"Combo de Cursos FerreiraWA SERO + CNO"}]},{"@type":"WebSite","@id":"https:\/\/ferreirawa.com.br\/cursos\/#website","url":"https:\/\/ferreirawa.com.br\/cursos\/","name":"Ferreirawa Cursos","description":"Acessoria Especializada, Cont\u00e1bil, fiscal e previdenci\u00e1rio","publisher":{"@id":"https:\/\/ferreirawa.com.br\/cursos\/#organization"},"potentialAction":[{"@type":"SearchAction","target":{"@type":"EntryPoint","urlTemplate":"https:\/\/ferreirawa.com.br\/cursos\/?s={search_term_string}"},"query-input":{"@type":"PropertyValueSpecification","valueRequired":true,"valueName":"search_term_string"}}],"inLanguage":"pt-BR"},{"@type":"Organization","@id":"https:\/\/ferreirawa.com.br\/cursos\/#organization","name":"Ferreirawa Cursos","url":"https:\/\/ferreirawa.com.br\/cursos\/","logo":{"@type":"ImageObject","inLanguage":"pt-BR","@id":"https:\/\/ferreirawa.com.br\/cursos\/#\/schema\/logo\/image\/","url":"https:\/\/ferreirawa.com.br\/cursos\/wp-content\/uploads\/2021\/05\/logo.png","contentUrl":"https:\/\/ferreirawa.com.br\/cursos\/wp-content\/uploads\/2021\/05\/logo.png","width":237,"height":88,"caption":"Ferreirawa Cursos"},"image":{"@id":"https:\/\/ferreirawa.com.br\/cursos\/#\/schema\/logo\/image\/"}}]}},"_links":{"self":[{"href":"https:\/\/ferreirawa.com.br\/cursos\/wp-json\/wp\/v2\/product\/1849","targetHints":{"allow":["GET"]}}],"collection":[{"href":"https:\/\/ferreirawa.com.br\/cursos\/wp-json\/wp\/v2\/product"}],"about":[{"href":"https:\/\/ferreirawa.com.br\/cursos\/wp-json\/wp\/v2\/types\/product"}],"replies":[{"embeddable":true,"href":"https:\/\/ferreirawa.com.br\/cursos\/wp-json\/wp\/v2\/comments?post=1849"}],"wp:featuredmedia":[{"embeddable":true,"href":"https:\/\/ferreirawa.com.br\/cursos\/wp-json\/wp\/v2\/media\/2742"}],"wp:attachment":[{"href":"https:\/\/ferreirawa.com.br\/cursos\/wp-json\/wp\/v2\/media?parent=1849"}],"wp:term":[{"taxonomy":"product_brand","embeddable":true,"href":"https:\/\/ferreirawa.com.br\/cursos\/wp-json\/wp\/v2\/product_brand?post=1849"},{"taxonomy":"product_cat","embeddable":true,"href":"https:\/\/ferreirawa.com.br\/cursos\/wp-json\/wp\/v2\/product_cat?post=1849"},{"taxonomy":"product_tag","embeddable":true,"href":"https:\/\/ferreirawa.com.br\/cursos\/wp-json\/wp\/v2\/product_tag?post=1849"}],"curies":[{"name":"wp","href":"https:\/\/api.w.org\/{rel}","templated":true}]}}