{"id":2696,"date":"2023-06-04T13:49:09","date_gmt":"2023-06-04T16:49:09","guid":{"rendered":"https:\/\/ferreirawa.com.br\/cursos\/?post_type=product&#038;p=2696"},"modified":"2023-06-12T11:33:36","modified_gmt":"2023-06-12T14:33:36","slug":"curso-inss-retencao-na-fonte-de-inss-11-ou-35-pratica","status":"publish","type":"product","link":"https:\/\/ferreirawa.com.br\/cursos\/produto\/curso-inss-retencao-na-fonte-de-inss-11-ou-35-pratica\/","title":{"rendered":"Curso INSS &#8211; Reten\u00e7\u00e3o na Fonte de INSS 11% ou 3,5% &#8211; Pr\u00e1tica"},"content":{"rendered":"<p>Neste curso voc\u00ea vai aprender as regras quanto as RETEN\u00c7\u00d5ES NA FONTE DO INSS sobre faturas emitidas podendo ser 11% ou 3,5% se desonerado a folha de pagamento. Atualmente as reten\u00e7\u00f5es na fonte dos INSS tem como embasamento legal a INSTRU\u00c7\u00c3O NORMATIVA 2110 de outubro de 2022 e em seu artigo 110 est\u00e1 a defini\u00e7\u00e3o da obrigatoriedade destas reten\u00e7\u00f5es na fonte.<\/p>\n<p>Primeiramente o contribuinte precisa entender o que venha ser uma cess\u00e3o de m\u00e3o de obra ou uma empreitada na constru\u00e7\u00e3o civil para saber se os servi\u00e7os v\u00e3o ou n\u00e3o ter as reten\u00e7\u00f5es de INSS em suas notas fiscais. Nos artigos 111 e 112 da instru\u00e7\u00e3o normativa 2110 definem os tipos de servi\u00e7os que dever\u00e3o sofrer a reten\u00e7\u00e3o na fonte do INSS 11% ou a 3,5% e os artigos 114 e 115 espec\u00edfica quando ocorre as dispensas.<\/p>\n<h3>Conte\u00fado aula 1<\/h3>\n<p>Neste tutorial voc\u00ea vai aprender um pouco mais sobre este tributo previdenci\u00e1rio, como fazer corretamente as reten\u00e7\u00f5es na fonte dos INSS de 11% ou 3,5% sobre as faturas emitidas na pr\u00e1tica. Estas reten\u00e7\u00f5es na fonte de INSS s\u00e3o aplicadas para as pessoas jur\u00eddicas que prestarem servi\u00e7os com cess\u00e3o de m\u00e3o de obra ou por empreitada.<\/p>\n<p>As empresas antes prestavam as informa\u00e7\u00f5es destas reten\u00e7\u00f5es na fonte de INSS de 11% nas respectivas GFIP\u00b4s que inclusive n\u00e3o s\u00e3o mais utilizadas para efeitos previdenci\u00e1rios e apenas para FGTS. Atualmente as informa\u00e7\u00f5es correspondentes as reten\u00e7\u00f5es na fonte dos INSS passaram a ser prestadas no SPED EFD REINF onde os tomadores de servi\u00e7os informam no seu evento R 2010 as reten\u00e7\u00f5es de INSS e os prestadores tamb\u00e9m devem inform\u00e1-las na sua EFD REINF no evento R 2020.<\/p>\n<p>Os prestadores de servi\u00e7os devem fazer as compensa\u00e7\u00f5es das reten\u00e7\u00f5es dos INSS 11% geradas pela EFD REINF quando forem apurados os d\u00e9bitos dos INSS correspondentes aos seus empregos dos quais s\u00e3o relacionados no esocial e estas compensa\u00e7\u00f5es e ou recolhimentos s\u00e3o feitos mediante a DCTFWB.<\/p>\n<p>No v\u00eddeo voc\u00ea vai saber muito mais informa\u00e7\u00f5es a respeito destas reten\u00e7\u00f5es na fonte sobre faturas emitidas de INSS de 11% conforme embasamentos legais Lei 9711 de 1998 e instru\u00e7\u00e3o normativa 2110 de outubro de 2022.<\/p>\n<p>&nbsp;<\/p>\n<h3>Conte\u00fado aula 2<\/h3>\n<p>Neste tutorial voc\u00ea vai aprender como fazer corretamente as reten\u00e7\u00f5es na fonte dos INSS de 11% ou 3,5% sobre as faturas emitidas na pr\u00e1tica. Estas reten\u00e7\u00f5es na fonte de INSS s\u00e3o aplicadas para as pessoas jur\u00eddicas que prestarem servi\u00e7os com cess\u00e3o de m\u00e3o de obra ou por empreitada.<\/p>\n<p>No curso apresentamos modelos de como emitir suas notas fiscais com as reten\u00e7\u00f5es dos INSS 11%, quando tiver m\u00e3o de obra e utiliza\u00e7\u00e3o de materiais e equipamentos, quando forem prestados servi\u00e7os de terraplanagem, pavimenta\u00e7\u00e3o, loca\u00e7\u00e3o de m\u00e3o de obra com operador e v\u00e3o saber tudo sobre as dedu\u00e7\u00f5es da base de c\u00e1lculo do INSS 11% para efeito de reten\u00e7\u00f5es nas suas faturas emitidas.<\/p>\n<p>Nesta parte pr\u00e1tica, orientamos como devem ser recolhidas as reten\u00e7\u00f5es dos INSS de 11% ou de 3,5% atrav\u00e9s da DCTFWEB e informadas na EFD REINF e por parte dos tomadores de servi\u00e7os. V\u00e3o entender de que n\u00e3o haver\u00e1 mais recolhimentos de contribui\u00e7\u00f5es previdenci\u00e1rias mediante a GPS e somente DARF gerado pela DCTFWEB e o vencimento ser\u00e1 sempre no dia 20 do m\u00eas seguinte ao do fato gerador.<\/p>\n<p><iframe title=\"YouTube video player\" src=\"https:\/\/www.youtube.com\/embed\/LcgZ7ILN46Y\" width=\"960\" height=\"540\" frameborder=\"0\" allowfullscreen=\"allowfullscreen\"><span data-mce-type=\"bookmark\" style=\"display: inline-block; width: 0px; overflow: hidden; line-height: 0;\" class=\"mce_SELRES_start\">\ufeff<\/span><span data-mce-type=\"bookmark\" style=\"display: inline-block; width: 0px; overflow: hidden; line-height: 0;\" class=\"mce_SELRES_start\">\ufeff<\/span><\/iframe><\/p>\n","protected":false},"excerpt":{"rendered":"<p>Neste curso voc\u00ea vai aprender regras quanto as RETEN\u00c7\u00d5ES NA FONTE DO INSS podendo ser 11% ou 3,5% se desonerado a folha de pagamento.<\/p>\n","protected":false},"featured_media":2701,"comment_status":"closed","ping_status":"closed","template":"","meta":{"ocean_post_layout":"","ocean_both_sidebars_style":"","ocean_both_sidebars_content_width":0,"ocean_both_sidebars_sidebars_width":0,"ocean_sidebar":"","ocean_second_sidebar":"","ocean_disable_margins":"enable","ocean_add_body_class":"","ocean_shortcode_before_top_bar":"","ocean_shortcode_after_top_bar":"","ocean_shortcode_before_header":"","ocean_shortcode_after_header":"","ocean_has_shortcode":"","ocean_shortcode_after_title":"","ocean_shortcode_before_footer_widgets":"","ocean_shortcode_after_footer_widgets":"","ocean_shortcode_before_footer_bottom":"","ocean_shortcode_after_footer_bottom":"","ocean_display_top_bar":"default","ocean_display_header":"default","ocean_header_style":"","ocean_center_header_left_menu":"","ocean_custom_header_template":"","ocean_custom_logo":0,"ocean_custom_retina_logo":0,"ocean_custom_logo_max_width":0,"ocean_custom_logo_tablet_max_width":0,"ocean_custom_logo_mobile_max_width":0,"ocean_custom_logo_max_height":0,"ocean_custom_logo_tablet_max_height":0,"ocean_custom_logo_mobile_max_height":0,"ocean_header_custom_menu":"","ocean_menu_typo_font_family":"","ocean_menu_typo_font_subset":"","ocean_menu_typo_font_size":0,"ocean_menu_typo_font_size_tablet":0,"ocean_menu_typo_font_size_mobile":0,"ocean_menu_typo_font_size_unit":"px","ocean_menu_typo_font_weight":"","ocean_menu_typo_font_weight_tablet":"","ocean_menu_typo_font_weight_mobile":"","ocean_menu_typo_transform":"","ocean_menu_typo_transform_tablet":"","ocean_menu_typo_transform_mobile":"","ocean_menu_typo_line_height":0,"ocean_menu_typo_line_height_tablet":0,"ocean_menu_typo_line_height_mobile":0,"ocean_menu_typo_line_height_unit":"","ocean_menu_typo_spacing":0,"ocean_menu_typo_spacing_tablet":0,"ocean_menu_typo_spacing_mobile":0,"ocean_menu_typo_spacing_unit":"","ocean_menu_link_color":"","ocean_menu_link_color_hover":"","ocean_menu_link_color_active":"","ocean_menu_link_background":"","ocean_menu_link_hover_background":"","ocean_menu_link_active_background":"","ocean_menu_social_links_bg":"","ocean_menu_social_hover_links_bg":"","ocean_menu_social_links_color":"","ocean_menu_social_hover_links_color":"","ocean_disable_title":"default","ocean_disable_heading":"default","ocean_post_title":"","ocean_post_subheading":"","ocean_post_title_style":"","ocean_post_title_background_color":"","ocean_post_title_background":0,"ocean_post_title_bg_image_position":"","ocean_post_title_bg_image_attachment":"","ocean_post_title_bg_image_repeat":"","ocean_post_title_bg_image_size":"","ocean_post_title_height":0,"ocean_post_title_bg_overlay":0.5,"ocean_post_title_bg_overlay_color":"","ocean_disable_breadcrumbs":"default","ocean_breadcrumbs_color":"","ocean_breadcrumbs_separator_color":"","ocean_breadcrumbs_links_color":"","ocean_breadcrumbs_links_hover_color":"","ocean_display_footer_widgets":"default","ocean_display_footer_bottom":"default","ocean_custom_footer_template":""},"product_brand":[],"product_cat":[38],"product_tag":[77,78,79,80,81,82,83,84,85,86,87,88,89,90,91,92,93,94,95,96,97],"class_list":{"0":"post-2696","1":"product","2":"type-product","3":"status-publish","4":"has-post-thumbnail","6":"product_cat-cursos-previdenciarios","7":"product_tag-base-de-calculo-do-inss","8":"product_tag-cnd-da-receita-federal","9":"product_tag-cnd-de-obra","10":"product_tag-cnodeobra","11":"product_tag-como-calcular-o-inss-da-minha-nota-fiscal","12":"product_tag-compensacao-de-inss","13":"product_tag-dctfweb","14":"product_tag-destaque-do-inss-nas-faturas","15":"product_tag-efd-reinf","16":"product_tag-esocial","17":"product_tag-instrucao-normativa-do-inss-2110","18":"product_tag-o-que-e-cessao-de-mao-de-obra","19":"product_tag-o-que-e-empreitada","20":"product_tag-quais-os-tipos-de-servicos-com-retencao-de-inss","21":"product_tag-quem-esta-dispensado-de-reter-o-inss","22":"product_tag-recolhimento-do-inss-retido","23":"product_tag-regularizacao-de-obra","24":"product_tag-restituicao-de-inss","25":"product_tag-retencao-de-inss-sobre-faturas","26":"product_tag-retencoes-na-fonte-inss-11","27":"product_tag-sero-de-obra","29":"entry","30":"has-media","32":"first","33":"instock","34":"virtual","35":"sold-individually","36":"taxable","37":"purchasable","38":"product-type-simple","39":"has-product-nav","40":"col","41":"span_1_of_3","42":"owp-content-center","43":"owp-thumbs-layout-horizontal","44":"owp-btn-normal","45":"owp-tabs-layout-horizontal","46":"has-no-thumbnails"},"yoast_head":"<!-- This site is optimized with the Yoast SEO plugin v26.8 - https:\/\/yoast.com\/product\/yoast-seo-wordpress\/ -->\n<title>Curso INSS - Reten\u00e7\u00e3o na Fonte de INSS 11% ou 3,5% - Pr\u00e1tica - Ferreirawa Cursos<\/title>\n<meta name=\"robots\" content=\"index, follow, max-snippet:-1, max-image-preview:large, max-video-preview:-1\" \/>\n<link rel=\"canonical\" href=\"https:\/\/ferreirawa.com.br\/cursos\/produto\/curso-inss-retencao-na-fonte-de-inss-11-ou-35-pratica\/\" \/>\n<meta property=\"og:locale\" content=\"pt_BR\" \/>\n<meta property=\"og:type\" content=\"article\" \/>\n<meta property=\"og:title\" content=\"Curso INSS - Reten\u00e7\u00e3o na Fonte de INSS 11% ou 3,5% - Pr\u00e1tica - Ferreirawa Cursos\" \/>\n<meta property=\"og:description\" content=\"Neste curso voc\u00ea vai aprender regras quanto as RETEN\u00c7\u00d5ES NA FONTE DO INSS podendo ser 11% ou 3,5% se desonerado a folha de pagamento.\" \/>\n<meta property=\"og:url\" content=\"https:\/\/ferreirawa.com.br\/cursos\/produto\/curso-inss-retencao-na-fonte-de-inss-11-ou-35-pratica\/\" \/>\n<meta property=\"og:site_name\" content=\"Ferreirawa Cursos\" \/>\n<meta property=\"article:modified_time\" content=\"2023-06-12T14:33:36+00:00\" \/>\n<meta property=\"og:image\" content=\"https:\/\/ferreirawa.com.br\/cursos\/wp-content\/uploads\/2023\/06\/portal-retencao-na-fonte-de-INSS-11-ou-35-pratica.png\" \/>\n\t<meta property=\"og:image:width\" content=\"600\" \/>\n\t<meta property=\"og:image:height\" content=\"400\" \/>\n\t<meta property=\"og:image:type\" content=\"image\/png\" \/>\n<meta name=\"twitter:card\" content=\"summary_large_image\" \/>\n<meta name=\"twitter:label1\" content=\"Est. tempo de leitura\" \/>\n\t<meta name=\"twitter:data1\" content=\"3 minutos\" \/>\n<script type=\"application\/ld+json\" class=\"yoast-schema-graph\">{\"@context\":\"https:\/\/schema.org\",\"@graph\":[{\"@type\":\"WebPage\",\"@id\":\"https:\/\/ferreirawa.com.br\/cursos\/produto\/curso-inss-retencao-na-fonte-de-inss-11-ou-35-pratica\/\",\"url\":\"https:\/\/ferreirawa.com.br\/cursos\/produto\/curso-inss-retencao-na-fonte-de-inss-11-ou-35-pratica\/\",\"name\":\"Curso INSS - Reten\u00e7\u00e3o na Fonte de INSS 11% ou 3,5% - Pr\u00e1tica - Ferreirawa Cursos\",\"isPartOf\":{\"@id\":\"https:\/\/ferreirawa.com.br\/cursos\/#website\"},\"primaryImageOfPage\":{\"@id\":\"https:\/\/ferreirawa.com.br\/cursos\/produto\/curso-inss-retencao-na-fonte-de-inss-11-ou-35-pratica\/#primaryimage\"},\"image\":{\"@id\":\"https:\/\/ferreirawa.com.br\/cursos\/produto\/curso-inss-retencao-na-fonte-de-inss-11-ou-35-pratica\/#primaryimage\"},\"thumbnailUrl\":\"https:\/\/ferreirawa.com.br\/cursos\/wp-content\/uploads\/2023\/06\/portal-retencao-na-fonte-de-INSS-11-ou-35-pratica.png\",\"datePublished\":\"2023-06-04T16:49:09+00:00\",\"dateModified\":\"2023-06-12T14:33:36+00:00\",\"breadcrumb\":{\"@id\":\"https:\/\/ferreirawa.com.br\/cursos\/produto\/curso-inss-retencao-na-fonte-de-inss-11-ou-35-pratica\/#breadcrumb\"},\"inLanguage\":\"pt-BR\",\"potentialAction\":[{\"@type\":\"ReadAction\",\"target\":[\"https:\/\/ferreirawa.com.br\/cursos\/produto\/curso-inss-retencao-na-fonte-de-inss-11-ou-35-pratica\/\"]}]},{\"@type\":\"ImageObject\",\"inLanguage\":\"pt-BR\",\"@id\":\"https:\/\/ferreirawa.com.br\/cursos\/produto\/curso-inss-retencao-na-fonte-de-inss-11-ou-35-pratica\/#primaryimage\",\"url\":\"https:\/\/ferreirawa.com.br\/cursos\/wp-content\/uploads\/2023\/06\/portal-retencao-na-fonte-de-INSS-11-ou-35-pratica.png\",\"contentUrl\":\"https:\/\/ferreirawa.com.br\/cursos\/wp-content\/uploads\/2023\/06\/portal-retencao-na-fonte-de-INSS-11-ou-35-pratica.png\",\"width\":600,\"height\":400,\"caption\":\"Curso INSS Reten\u00e7\u00e3o na Fonte de INSS 11% ou 3,5%\"},{\"@type\":\"BreadcrumbList\",\"@id\":\"https:\/\/ferreirawa.com.br\/cursos\/produto\/curso-inss-retencao-na-fonte-de-inss-11-ou-35-pratica\/#breadcrumb\",\"itemListElement\":[{\"@type\":\"ListItem\",\"position\":1,\"name\":\"In\u00edcio\",\"item\":\"https:\/\/ferreirawa.com.br\/cursos\/\"},{\"@type\":\"ListItem\",\"position\":2,\"name\":\"Loja\",\"item\":\"https:\/\/ferreirawa.com.br\/cursos\/loja\/\"},{\"@type\":\"ListItem\",\"position\":3,\"name\":\"Curso INSS &#8211; Reten\u00e7\u00e3o na Fonte de INSS 11% ou 3,5% &#8211; Pr\u00e1tica\"}]},{\"@type\":\"WebSite\",\"@id\":\"https:\/\/ferreirawa.com.br\/cursos\/#website\",\"url\":\"https:\/\/ferreirawa.com.br\/cursos\/\",\"name\":\"Ferreirawa Cursos\",\"description\":\"Acessoria Especializada, Cont\u00e1bil, fiscal e previdenci\u00e1rio\",\"publisher\":{\"@id\":\"https:\/\/ferreirawa.com.br\/cursos\/#organization\"},\"potentialAction\":[{\"@type\":\"SearchAction\",\"target\":{\"@type\":\"EntryPoint\",\"urlTemplate\":\"https:\/\/ferreirawa.com.br\/cursos\/?s={search_term_string}\"},\"query-input\":{\"@type\":\"PropertyValueSpecification\",\"valueRequired\":true,\"valueName\":\"search_term_string\"}}],\"inLanguage\":\"pt-BR\"},{\"@type\":\"Organization\",\"@id\":\"https:\/\/ferreirawa.com.br\/cursos\/#organization\",\"name\":\"Ferreirawa Cursos\",\"url\":\"https:\/\/ferreirawa.com.br\/cursos\/\",\"logo\":{\"@type\":\"ImageObject\",\"inLanguage\":\"pt-BR\",\"@id\":\"https:\/\/ferreirawa.com.br\/cursos\/#\/schema\/logo\/image\/\",\"url\":\"https:\/\/ferreirawa.com.br\/cursos\/wp-content\/uploads\/2021\/05\/logo.png\",\"contentUrl\":\"https:\/\/ferreirawa.com.br\/cursos\/wp-content\/uploads\/2021\/05\/logo.png\",\"width\":237,\"height\":88,\"caption\":\"Ferreirawa Cursos\"},\"image\":{\"@id\":\"https:\/\/ferreirawa.com.br\/cursos\/#\/schema\/logo\/image\/\"}}]}<\/script>\n<!-- \/ Yoast SEO plugin. -->","yoast_head_json":{"title":"Curso INSS - Reten\u00e7\u00e3o na Fonte de INSS 11% ou 3,5% - Pr\u00e1tica - Ferreirawa Cursos","robots":{"index":"index","follow":"follow","max-snippet":"max-snippet:-1","max-image-preview":"max-image-preview:large","max-video-preview":"max-video-preview:-1"},"canonical":"https:\/\/ferreirawa.com.br\/cursos\/produto\/curso-inss-retencao-na-fonte-de-inss-11-ou-35-pratica\/","og_locale":"pt_BR","og_type":"article","og_title":"Curso INSS - Reten\u00e7\u00e3o na Fonte de INSS 11% ou 3,5% - Pr\u00e1tica - Ferreirawa Cursos","og_description":"Neste curso voc\u00ea vai aprender regras quanto as RETEN\u00c7\u00d5ES NA FONTE DO INSS podendo ser 11% ou 3,5% se desonerado a folha de pagamento.","og_url":"https:\/\/ferreirawa.com.br\/cursos\/produto\/curso-inss-retencao-na-fonte-de-inss-11-ou-35-pratica\/","og_site_name":"Ferreirawa Cursos","article_modified_time":"2023-06-12T14:33:36+00:00","og_image":[{"width":600,"height":400,"url":"https:\/\/ferreirawa.com.br\/cursos\/wp-content\/uploads\/2023\/06\/portal-retencao-na-fonte-de-INSS-11-ou-35-pratica.png","type":"image\/png"}],"twitter_card":"summary_large_image","twitter_misc":{"Est. tempo de leitura":"3 minutos"},"schema":{"@context":"https:\/\/schema.org","@graph":[{"@type":"WebPage","@id":"https:\/\/ferreirawa.com.br\/cursos\/produto\/curso-inss-retencao-na-fonte-de-inss-11-ou-35-pratica\/","url":"https:\/\/ferreirawa.com.br\/cursos\/produto\/curso-inss-retencao-na-fonte-de-inss-11-ou-35-pratica\/","name":"Curso INSS - Reten\u00e7\u00e3o na Fonte de INSS 11% ou 3,5% - Pr\u00e1tica - Ferreirawa Cursos","isPartOf":{"@id":"https:\/\/ferreirawa.com.br\/cursos\/#website"},"primaryImageOfPage":{"@id":"https:\/\/ferreirawa.com.br\/cursos\/produto\/curso-inss-retencao-na-fonte-de-inss-11-ou-35-pratica\/#primaryimage"},"image":{"@id":"https:\/\/ferreirawa.com.br\/cursos\/produto\/curso-inss-retencao-na-fonte-de-inss-11-ou-35-pratica\/#primaryimage"},"thumbnailUrl":"https:\/\/ferreirawa.com.br\/cursos\/wp-content\/uploads\/2023\/06\/portal-retencao-na-fonte-de-INSS-11-ou-35-pratica.png","datePublished":"2023-06-04T16:49:09+00:00","dateModified":"2023-06-12T14:33:36+00:00","breadcrumb":{"@id":"https:\/\/ferreirawa.com.br\/cursos\/produto\/curso-inss-retencao-na-fonte-de-inss-11-ou-35-pratica\/#breadcrumb"},"inLanguage":"pt-BR","potentialAction":[{"@type":"ReadAction","target":["https:\/\/ferreirawa.com.br\/cursos\/produto\/curso-inss-retencao-na-fonte-de-inss-11-ou-35-pratica\/"]}]},{"@type":"ImageObject","inLanguage":"pt-BR","@id":"https:\/\/ferreirawa.com.br\/cursos\/produto\/curso-inss-retencao-na-fonte-de-inss-11-ou-35-pratica\/#primaryimage","url":"https:\/\/ferreirawa.com.br\/cursos\/wp-content\/uploads\/2023\/06\/portal-retencao-na-fonte-de-INSS-11-ou-35-pratica.png","contentUrl":"https:\/\/ferreirawa.com.br\/cursos\/wp-content\/uploads\/2023\/06\/portal-retencao-na-fonte-de-INSS-11-ou-35-pratica.png","width":600,"height":400,"caption":"Curso INSS Reten\u00e7\u00e3o na Fonte de INSS 11% ou 3,5%"},{"@type":"BreadcrumbList","@id":"https:\/\/ferreirawa.com.br\/cursos\/produto\/curso-inss-retencao-na-fonte-de-inss-11-ou-35-pratica\/#breadcrumb","itemListElement":[{"@type":"ListItem","position":1,"name":"In\u00edcio","item":"https:\/\/ferreirawa.com.br\/cursos\/"},{"@type":"ListItem","position":2,"name":"Loja","item":"https:\/\/ferreirawa.com.br\/cursos\/loja\/"},{"@type":"ListItem","position":3,"name":"Curso INSS &#8211; Reten\u00e7\u00e3o na Fonte de INSS 11% ou 3,5% &#8211; Pr\u00e1tica"}]},{"@type":"WebSite","@id":"https:\/\/ferreirawa.com.br\/cursos\/#website","url":"https:\/\/ferreirawa.com.br\/cursos\/","name":"Ferreirawa Cursos","description":"Acessoria Especializada, Cont\u00e1bil, fiscal e previdenci\u00e1rio","publisher":{"@id":"https:\/\/ferreirawa.com.br\/cursos\/#organization"},"potentialAction":[{"@type":"SearchAction","target":{"@type":"EntryPoint","urlTemplate":"https:\/\/ferreirawa.com.br\/cursos\/?s={search_term_string}"},"query-input":{"@type":"PropertyValueSpecification","valueRequired":true,"valueName":"search_term_string"}}],"inLanguage":"pt-BR"},{"@type":"Organization","@id":"https:\/\/ferreirawa.com.br\/cursos\/#organization","name":"Ferreirawa Cursos","url":"https:\/\/ferreirawa.com.br\/cursos\/","logo":{"@type":"ImageObject","inLanguage":"pt-BR","@id":"https:\/\/ferreirawa.com.br\/cursos\/#\/schema\/logo\/image\/","url":"https:\/\/ferreirawa.com.br\/cursos\/wp-content\/uploads\/2021\/05\/logo.png","contentUrl":"https:\/\/ferreirawa.com.br\/cursos\/wp-content\/uploads\/2021\/05\/logo.png","width":237,"height":88,"caption":"Ferreirawa Cursos"},"image":{"@id":"https:\/\/ferreirawa.com.br\/cursos\/#\/schema\/logo\/image\/"}}]}},"_links":{"self":[{"href":"https:\/\/ferreirawa.com.br\/cursos\/wp-json\/wp\/v2\/product\/2696","targetHints":{"allow":["GET"]}}],"collection":[{"href":"https:\/\/ferreirawa.com.br\/cursos\/wp-json\/wp\/v2\/product"}],"about":[{"href":"https:\/\/ferreirawa.com.br\/cursos\/wp-json\/wp\/v2\/types\/product"}],"replies":[{"embeddable":true,"href":"https:\/\/ferreirawa.com.br\/cursos\/wp-json\/wp\/v2\/comments?post=2696"}],"wp:featuredmedia":[{"embeddable":true,"href":"https:\/\/ferreirawa.com.br\/cursos\/wp-json\/wp\/v2\/media\/2701"}],"wp:attachment":[{"href":"https:\/\/ferreirawa.com.br\/cursos\/wp-json\/wp\/v2\/media?parent=2696"}],"wp:term":[{"taxonomy":"product_brand","embeddable":true,"href":"https:\/\/ferreirawa.com.br\/cursos\/wp-json\/wp\/v2\/product_brand?post=2696"},{"taxonomy":"product_cat","embeddable":true,"href":"https:\/\/ferreirawa.com.br\/cursos\/wp-json\/wp\/v2\/product_cat?post=2696"},{"taxonomy":"product_tag","embeddable":true,"href":"https:\/\/ferreirawa.com.br\/cursos\/wp-json\/wp\/v2\/product_tag?post=2696"}],"curies":[{"name":"wp","href":"https:\/\/api.w.org\/{rel}","templated":true}]}}