{"id":2888,"date":"2023-06-19T16:18:02","date_gmt":"2023-06-19T19:18:02","guid":{"rendered":"https:\/\/ferreirawa.com.br\/cursos\/?post_type=product&#038;p=2888"},"modified":"2023-06-19T16:22:41","modified_gmt":"2023-06-19T19:22:41","slug":"e-book-curso-inss-retencao-na-fonte-de-inss-11-ou-35-teoria","status":"publish","type":"product","link":"https:\/\/ferreirawa.com.br\/cursos\/produto\/e-book-curso-inss-retencao-na-fonte-de-inss-11-ou-35-teoria\/","title":{"rendered":"E-book Curso INSS &#8211; Reten\u00e7\u00e3o na Fonte de INSS 11% ou 3,5% &#8211; Teoria"},"content":{"rendered":"<p>E-book Curso INSS &#8211; Reten\u00e7\u00e3o na Fonte de INSS 11% ou 3,5% &#8211; Teoria.<\/p>\n<p>Voc\u00ea vai aprender algumas regras quanto as RETEN\u00c7\u00d5ES NA FONTE DO INSS sobre faturas emitidas podendo ser 11% ou 3,5% se desonerado a folha de pagamento. Atualmente as reten\u00e7\u00f5es na fonte dos INSS tem como embasamento legal a INSTRU\u00c7\u00c3O NORMATIVA 2110 de outubro de 2022 e em seu artigo 110 est\u00e1 a defini\u00e7\u00e3o da obrigatoriedade destas reten\u00e7\u00f5es na fonte.<\/p>\n<p>Primeiramente o contribuinte precisa entender o que venha ser uma cess\u00e3o de m\u00e3o de obra ou uma empreitada na constru\u00e7\u00e3o civil para saber se os servi\u00e7os v\u00e3o ou n\u00e3o ter as reten\u00e7\u00f5es de INSS em suas notas fiscais. Nos artigos 111 e 112 da instru\u00e7\u00e3o normativa 2110 definem os tipos de servi\u00e7os que dever\u00e3o sofrer a reten\u00e7\u00e3o na fonte do INSS 11% ou a 3,5% e os artigos 114 e 115 espec\u00edfica quando ocorre as dispensas.<\/p>\n<p>Neste curso completo de reten\u00e7\u00f5es na fonte de INSS a 11% ou a 3,5% e na parte da teoria voc\u00ea tamb\u00e9m vai aprender sobre como aplicar a base de c\u00e1lculo para efeito destas reten\u00e7\u00f5es, bem como definir em contratos os valores de materiais, de equipamentos e de m\u00e3o de obra utilizados na execu\u00e7\u00e3o de obra de constru\u00e7\u00e3o civil. Poder\u00e3o ser deduzidos tamb\u00e9m da base de c\u00e1lculo do INSS os valores pagos de vale alimenta\u00e7\u00e3o, de vale transportes e de subempreitadas, os terceirizados.<\/p>\n","protected":false},"excerpt":{"rendered":"<p>E-book Curso INSS &#8211; Reten\u00e7\u00e3o na Fonte de INSS 11% ou 3,5% &#8211; Teoria<\/p>\n","protected":false},"featured_media":2889,"comment_status":"open","ping_status":"closed","template":"","meta":{"ocean_post_layout":"","ocean_both_sidebars_style":"","ocean_both_sidebars_content_width":0,"ocean_both_sidebars_sidebars_width":0,"ocean_sidebar":"0","ocean_second_sidebar":"0","ocean_disable_margins":"enable","ocean_add_body_class":"","ocean_shortcode_before_top_bar":"","ocean_shortcode_after_top_bar":"","ocean_shortcode_before_header":"","ocean_shortcode_after_header":"","ocean_has_shortcode":"","ocean_shortcode_after_title":"","ocean_shortcode_before_footer_widgets":"","ocean_shortcode_after_footer_widgets":"","ocean_shortcode_before_footer_bottom":"","ocean_shortcode_after_footer_bottom":"","ocean_display_top_bar":"default","ocean_display_header":"default","ocean_header_style":"","ocean_center_header_left_menu":"0","ocean_custom_header_template":"0","ocean_custom_logo":0,"ocean_custom_retina_logo":0,"ocean_custom_logo_max_width":0,"ocean_custom_logo_tablet_max_width":0,"ocean_custom_logo_mobile_max_width":0,"ocean_custom_logo_max_height":0,"ocean_custom_logo_tablet_max_height":0,"ocean_custom_logo_mobile_max_height":0,"ocean_header_custom_menu":"0","ocean_menu_typo_font_family":"0","ocean_menu_typo_font_subset":"","ocean_menu_typo_font_size":0,"ocean_menu_typo_font_size_tablet":0,"ocean_menu_typo_font_size_mobile":0,"ocean_menu_typo_font_size_unit":"px","ocean_menu_typo_font_weight":"","ocean_menu_typo_font_weight_tablet":"","ocean_menu_typo_font_weight_mobile":"","ocean_menu_typo_transform":"","ocean_menu_typo_transform_tablet":"","ocean_menu_typo_transform_mobile":"","ocean_menu_typo_line_height":0,"ocean_menu_typo_line_height_tablet":0,"ocean_menu_typo_line_height_mobile":0,"ocean_menu_typo_line_height_unit":"","ocean_menu_typo_spacing":0,"ocean_menu_typo_spacing_tablet":0,"ocean_menu_typo_spacing_mobile":0,"ocean_menu_typo_spacing_unit":"","ocean_menu_link_color":"","ocean_menu_link_color_hover":"","ocean_menu_link_color_active":"","ocean_menu_link_background":"","ocean_menu_link_hover_background":"","ocean_menu_link_active_background":"","ocean_menu_social_links_bg":"","ocean_menu_social_hover_links_bg":"","ocean_menu_social_links_color":"","ocean_menu_social_hover_links_color":"","ocean_disable_title":"default","ocean_disable_heading":"default","ocean_post_title":"","ocean_post_subheading":"","ocean_post_title_style":"","ocean_post_title_background_color":"","ocean_post_title_background":0,"ocean_post_title_bg_image_position":"","ocean_post_title_bg_image_attachment":"","ocean_post_title_bg_image_repeat":"","ocean_post_title_bg_image_size":"","ocean_post_title_height":0,"ocean_post_title_bg_overlay":0.5,"ocean_post_title_bg_overlay_color":"","ocean_disable_breadcrumbs":"default","ocean_breadcrumbs_color":"","ocean_breadcrumbs_separator_color":"","ocean_breadcrumbs_links_color":"","ocean_breadcrumbs_links_hover_color":"","ocean_display_footer_widgets":"default","ocean_display_footer_bottom":"default","ocean_custom_footer_template":"0"},"product_brand":[],"product_cat":[98,44],"product_tag":[],"class_list":{"0":"post-2888","1":"product","2":"type-product","3":"status-publish","4":"has-post-thumbnail","6":"product_cat-e-book-curso-inss-teoria","7":"product_cat-e-books-cursos-previdenciarios","9":"entry","10":"has-media","12":"first","13":"instock","14":"downloadable","15":"purchasable","16":"product-type-simple","17":"has-product-nav","18":"col","19":"span_1_of_3","20":"owp-content-center","21":"owp-thumbs-layout-horizontal","22":"owp-btn-normal","23":"owp-tabs-layout-horizontal","24":"has-no-thumbnails"},"yoast_head":"<!-- This site is optimized with the Yoast SEO plugin v26.8 - https:\/\/yoast.com\/product\/yoast-seo-wordpress\/ -->\n<title>E-book Curso INSS - Reten\u00e7\u00e3o na Fonte de INSS 11% ou 3,5% - Teoria - Ferreirawa Cursos<\/title>\n<meta name=\"description\" content=\"E-book Curso INSS - Reten\u00e7\u00e3o na Fonte de INSS 11% ou 3,5% - Teoria. Conte\u00fado exclusivo do curso INSS Reten\u00e7\u00e3o na Fonte de INSS 11% ou 3,5%\" \/>\n<meta name=\"robots\" content=\"index, follow, max-snippet:-1, max-image-preview:large, max-video-preview:-1\" \/>\n<link rel=\"canonical\" href=\"https:\/\/ferreirawa.com.br\/cursos\/produto\/e-book-curso-inss-retencao-na-fonte-de-inss-11-ou-35-teoria\/\" \/>\n<meta property=\"og:locale\" content=\"pt_BR\" \/>\n<meta property=\"og:type\" content=\"article\" \/>\n<meta property=\"og:title\" content=\"E-book Curso INSS - Reten\u00e7\u00e3o na Fonte de INSS 11% ou 3,5% - Teoria - Ferreirawa Cursos\" \/>\n<meta property=\"og:description\" content=\"E-book Curso INSS - Reten\u00e7\u00e3o na Fonte de INSS 11% ou 3,5% - Teoria. Conte\u00fado exclusivo do curso INSS Reten\u00e7\u00e3o na Fonte de INSS 11% ou 3,5%\" \/>\n<meta property=\"og:url\" content=\"https:\/\/ferreirawa.com.br\/cursos\/produto\/e-book-curso-inss-retencao-na-fonte-de-inss-11-ou-35-teoria\/\" \/>\n<meta property=\"og:site_name\" content=\"Ferreirawa Cursos\" \/>\n<meta property=\"article:modified_time\" content=\"2023-06-19T19:22:41+00:00\" \/>\n<meta property=\"og:image\" content=\"https:\/\/ferreirawa.com.br\/cursos\/wp-content\/uploads\/2023\/06\/e-book-teoria-portal.png\" \/>\n\t<meta property=\"og:image:width\" content=\"600\" \/>\n\t<meta property=\"og:image:height\" content=\"600\" \/>\n\t<meta property=\"og:image:type\" content=\"image\/png\" \/>\n<meta name=\"twitter:card\" content=\"summary_large_image\" \/>\n<meta name=\"twitter:label1\" content=\"Est. tempo de leitura\" \/>\n\t<meta name=\"twitter:data1\" content=\"2 minutos\" \/>\n<script type=\"application\/ld+json\" class=\"yoast-schema-graph\">{\"@context\":\"https:\/\/schema.org\",\"@graph\":[{\"@type\":\"WebPage\",\"@id\":\"https:\/\/ferreirawa.com.br\/cursos\/produto\/e-book-curso-inss-retencao-na-fonte-de-inss-11-ou-35-teoria\/\",\"url\":\"https:\/\/ferreirawa.com.br\/cursos\/produto\/e-book-curso-inss-retencao-na-fonte-de-inss-11-ou-35-teoria\/\",\"name\":\"E-book Curso INSS - Reten\u00e7\u00e3o na Fonte de INSS 11% ou 3,5% - Teoria - Ferreirawa Cursos\",\"isPartOf\":{\"@id\":\"https:\/\/ferreirawa.com.br\/cursos\/#website\"},\"primaryImageOfPage\":{\"@id\":\"https:\/\/ferreirawa.com.br\/cursos\/produto\/e-book-curso-inss-retencao-na-fonte-de-inss-11-ou-35-teoria\/#primaryimage\"},\"image\":{\"@id\":\"https:\/\/ferreirawa.com.br\/cursos\/produto\/e-book-curso-inss-retencao-na-fonte-de-inss-11-ou-35-teoria\/#primaryimage\"},\"thumbnailUrl\":\"https:\/\/ferreirawa.com.br\/cursos\/wp-content\/uploads\/2023\/06\/e-book-teoria-portal.png\",\"datePublished\":\"2023-06-19T19:18:02+00:00\",\"dateModified\":\"2023-06-19T19:22:41+00:00\",\"description\":\"E-book Curso INSS - Reten\u00e7\u00e3o na Fonte de INSS 11% ou 3,5% - Teoria. Conte\u00fado exclusivo do curso INSS Reten\u00e7\u00e3o na Fonte de INSS 11% ou 3,5%\",\"breadcrumb\":{\"@id\":\"https:\/\/ferreirawa.com.br\/cursos\/produto\/e-book-curso-inss-retencao-na-fonte-de-inss-11-ou-35-teoria\/#breadcrumb\"},\"inLanguage\":\"pt-BR\",\"potentialAction\":[{\"@type\":\"ReadAction\",\"target\":[\"https:\/\/ferreirawa.com.br\/cursos\/produto\/e-book-curso-inss-retencao-na-fonte-de-inss-11-ou-35-teoria\/\"]}]},{\"@type\":\"ImageObject\",\"inLanguage\":\"pt-BR\",\"@id\":\"https:\/\/ferreirawa.com.br\/cursos\/produto\/e-book-curso-inss-retencao-na-fonte-de-inss-11-ou-35-teoria\/#primaryimage\",\"url\":\"https:\/\/ferreirawa.com.br\/cursos\/wp-content\/uploads\/2023\/06\/e-book-teoria-portal.png\",\"contentUrl\":\"https:\/\/ferreirawa.com.br\/cursos\/wp-content\/uploads\/2023\/06\/e-book-teoria-portal.png\",\"width\":600,\"height\":600,\"caption\":\"E-book - Curso Reten\u00e7\u00f5es na fonte INSS 11% ou 3,5% - Teoria\"},{\"@type\":\"BreadcrumbList\",\"@id\":\"https:\/\/ferreirawa.com.br\/cursos\/produto\/e-book-curso-inss-retencao-na-fonte-de-inss-11-ou-35-teoria\/#breadcrumb\",\"itemListElement\":[{\"@type\":\"ListItem\",\"position\":1,\"name\":\"In\u00edcio\",\"item\":\"https:\/\/ferreirawa.com.br\/cursos\/\"},{\"@type\":\"ListItem\",\"position\":2,\"name\":\"Loja\",\"item\":\"https:\/\/ferreirawa.com.br\/cursos\/loja\/\"},{\"@type\":\"ListItem\",\"position\":3,\"name\":\"E-book Curso INSS &#8211; Reten\u00e7\u00e3o na Fonte de INSS 11% ou 3,5% &#8211; Teoria\"}]},{\"@type\":\"WebSite\",\"@id\":\"https:\/\/ferreirawa.com.br\/cursos\/#website\",\"url\":\"https:\/\/ferreirawa.com.br\/cursos\/\",\"name\":\"Ferreirawa Cursos\",\"description\":\"Acessoria Especializada, Cont\u00e1bil, fiscal e previdenci\u00e1rio\",\"publisher\":{\"@id\":\"https:\/\/ferreirawa.com.br\/cursos\/#organization\"},\"potentialAction\":[{\"@type\":\"SearchAction\",\"target\":{\"@type\":\"EntryPoint\",\"urlTemplate\":\"https:\/\/ferreirawa.com.br\/cursos\/?s={search_term_string}\"},\"query-input\":{\"@type\":\"PropertyValueSpecification\",\"valueRequired\":true,\"valueName\":\"search_term_string\"}}],\"inLanguage\":\"pt-BR\"},{\"@type\":\"Organization\",\"@id\":\"https:\/\/ferreirawa.com.br\/cursos\/#organization\",\"name\":\"Ferreirawa Cursos\",\"url\":\"https:\/\/ferreirawa.com.br\/cursos\/\",\"logo\":{\"@type\":\"ImageObject\",\"inLanguage\":\"pt-BR\",\"@id\":\"https:\/\/ferreirawa.com.br\/cursos\/#\/schema\/logo\/image\/\",\"url\":\"https:\/\/ferreirawa.com.br\/cursos\/wp-content\/uploads\/2021\/05\/logo.png\",\"contentUrl\":\"https:\/\/ferreirawa.com.br\/cursos\/wp-content\/uploads\/2021\/05\/logo.png\",\"width\":237,\"height\":88,\"caption\":\"Ferreirawa Cursos\"},\"image\":{\"@id\":\"https:\/\/ferreirawa.com.br\/cursos\/#\/schema\/logo\/image\/\"}}]}<\/script>\n<!-- \/ Yoast SEO plugin. -->","yoast_head_json":{"title":"E-book Curso INSS - Reten\u00e7\u00e3o na Fonte de INSS 11% ou 3,5% - Teoria - Ferreirawa Cursos","description":"E-book Curso INSS - Reten\u00e7\u00e3o na Fonte de INSS 11% ou 3,5% - Teoria. Conte\u00fado exclusivo do curso INSS Reten\u00e7\u00e3o na Fonte de INSS 11% ou 3,5%","robots":{"index":"index","follow":"follow","max-snippet":"max-snippet:-1","max-image-preview":"max-image-preview:large","max-video-preview":"max-video-preview:-1"},"canonical":"https:\/\/ferreirawa.com.br\/cursos\/produto\/e-book-curso-inss-retencao-na-fonte-de-inss-11-ou-35-teoria\/","og_locale":"pt_BR","og_type":"article","og_title":"E-book Curso INSS - Reten\u00e7\u00e3o na Fonte de INSS 11% ou 3,5% - Teoria - Ferreirawa Cursos","og_description":"E-book Curso INSS - Reten\u00e7\u00e3o na Fonte de INSS 11% ou 3,5% - Teoria. Conte\u00fado exclusivo do curso INSS Reten\u00e7\u00e3o na Fonte de INSS 11% ou 3,5%","og_url":"https:\/\/ferreirawa.com.br\/cursos\/produto\/e-book-curso-inss-retencao-na-fonte-de-inss-11-ou-35-teoria\/","og_site_name":"Ferreirawa Cursos","article_modified_time":"2023-06-19T19:22:41+00:00","og_image":[{"width":600,"height":600,"url":"https:\/\/ferreirawa.com.br\/cursos\/wp-content\/uploads\/2023\/06\/e-book-teoria-portal.png","type":"image\/png"}],"twitter_card":"summary_large_image","twitter_misc":{"Est. tempo de leitura":"2 minutos"},"schema":{"@context":"https:\/\/schema.org","@graph":[{"@type":"WebPage","@id":"https:\/\/ferreirawa.com.br\/cursos\/produto\/e-book-curso-inss-retencao-na-fonte-de-inss-11-ou-35-teoria\/","url":"https:\/\/ferreirawa.com.br\/cursos\/produto\/e-book-curso-inss-retencao-na-fonte-de-inss-11-ou-35-teoria\/","name":"E-book Curso INSS - Reten\u00e7\u00e3o na Fonte de INSS 11% ou 3,5% - Teoria - Ferreirawa Cursos","isPartOf":{"@id":"https:\/\/ferreirawa.com.br\/cursos\/#website"},"primaryImageOfPage":{"@id":"https:\/\/ferreirawa.com.br\/cursos\/produto\/e-book-curso-inss-retencao-na-fonte-de-inss-11-ou-35-teoria\/#primaryimage"},"image":{"@id":"https:\/\/ferreirawa.com.br\/cursos\/produto\/e-book-curso-inss-retencao-na-fonte-de-inss-11-ou-35-teoria\/#primaryimage"},"thumbnailUrl":"https:\/\/ferreirawa.com.br\/cursos\/wp-content\/uploads\/2023\/06\/e-book-teoria-portal.png","datePublished":"2023-06-19T19:18:02+00:00","dateModified":"2023-06-19T19:22:41+00:00","description":"E-book Curso INSS - Reten\u00e7\u00e3o na Fonte de INSS 11% ou 3,5% - Teoria. Conte\u00fado exclusivo do curso INSS Reten\u00e7\u00e3o na Fonte de INSS 11% ou 3,5%","breadcrumb":{"@id":"https:\/\/ferreirawa.com.br\/cursos\/produto\/e-book-curso-inss-retencao-na-fonte-de-inss-11-ou-35-teoria\/#breadcrumb"},"inLanguage":"pt-BR","potentialAction":[{"@type":"ReadAction","target":["https:\/\/ferreirawa.com.br\/cursos\/produto\/e-book-curso-inss-retencao-na-fonte-de-inss-11-ou-35-teoria\/"]}]},{"@type":"ImageObject","inLanguage":"pt-BR","@id":"https:\/\/ferreirawa.com.br\/cursos\/produto\/e-book-curso-inss-retencao-na-fonte-de-inss-11-ou-35-teoria\/#primaryimage","url":"https:\/\/ferreirawa.com.br\/cursos\/wp-content\/uploads\/2023\/06\/e-book-teoria-portal.png","contentUrl":"https:\/\/ferreirawa.com.br\/cursos\/wp-content\/uploads\/2023\/06\/e-book-teoria-portal.png","width":600,"height":600,"caption":"E-book - Curso Reten\u00e7\u00f5es na fonte INSS 11% ou 3,5% - Teoria"},{"@type":"BreadcrumbList","@id":"https:\/\/ferreirawa.com.br\/cursos\/produto\/e-book-curso-inss-retencao-na-fonte-de-inss-11-ou-35-teoria\/#breadcrumb","itemListElement":[{"@type":"ListItem","position":1,"name":"In\u00edcio","item":"https:\/\/ferreirawa.com.br\/cursos\/"},{"@type":"ListItem","position":2,"name":"Loja","item":"https:\/\/ferreirawa.com.br\/cursos\/loja\/"},{"@type":"ListItem","position":3,"name":"E-book Curso INSS &#8211; Reten\u00e7\u00e3o na Fonte de INSS 11% ou 3,5% &#8211; Teoria"}]},{"@type":"WebSite","@id":"https:\/\/ferreirawa.com.br\/cursos\/#website","url":"https:\/\/ferreirawa.com.br\/cursos\/","name":"Ferreirawa Cursos","description":"Acessoria Especializada, Cont\u00e1bil, fiscal e previdenci\u00e1rio","publisher":{"@id":"https:\/\/ferreirawa.com.br\/cursos\/#organization"},"potentialAction":[{"@type":"SearchAction","target":{"@type":"EntryPoint","urlTemplate":"https:\/\/ferreirawa.com.br\/cursos\/?s={search_term_string}"},"query-input":{"@type":"PropertyValueSpecification","valueRequired":true,"valueName":"search_term_string"}}],"inLanguage":"pt-BR"},{"@type":"Organization","@id":"https:\/\/ferreirawa.com.br\/cursos\/#organization","name":"Ferreirawa Cursos","url":"https:\/\/ferreirawa.com.br\/cursos\/","logo":{"@type":"ImageObject","inLanguage":"pt-BR","@id":"https:\/\/ferreirawa.com.br\/cursos\/#\/schema\/logo\/image\/","url":"https:\/\/ferreirawa.com.br\/cursos\/wp-content\/uploads\/2021\/05\/logo.png","contentUrl":"https:\/\/ferreirawa.com.br\/cursos\/wp-content\/uploads\/2021\/05\/logo.png","width":237,"height":88,"caption":"Ferreirawa Cursos"},"image":{"@id":"https:\/\/ferreirawa.com.br\/cursos\/#\/schema\/logo\/image\/"}}]}},"_links":{"self":[{"href":"https:\/\/ferreirawa.com.br\/cursos\/wp-json\/wp\/v2\/product\/2888","targetHints":{"allow":["GET"]}}],"collection":[{"href":"https:\/\/ferreirawa.com.br\/cursos\/wp-json\/wp\/v2\/product"}],"about":[{"href":"https:\/\/ferreirawa.com.br\/cursos\/wp-json\/wp\/v2\/types\/product"}],"replies":[{"embeddable":true,"href":"https:\/\/ferreirawa.com.br\/cursos\/wp-json\/wp\/v2\/comments?post=2888"}],"wp:featuredmedia":[{"embeddable":true,"href":"https:\/\/ferreirawa.com.br\/cursos\/wp-json\/wp\/v2\/media\/2889"}],"wp:attachment":[{"href":"https:\/\/ferreirawa.com.br\/cursos\/wp-json\/wp\/v2\/media?parent=2888"}],"wp:term":[{"taxonomy":"product_brand","embeddable":true,"href":"https:\/\/ferreirawa.com.br\/cursos\/wp-json\/wp\/v2\/product_brand?post=2888"},{"taxonomy":"product_cat","embeddable":true,"href":"https:\/\/ferreirawa.com.br\/cursos\/wp-json\/wp\/v2\/product_cat?post=2888"},{"taxonomy":"product_tag","embeddable":true,"href":"https:\/\/ferreirawa.com.br\/cursos\/wp-json\/wp\/v2\/product_tag?post=2888"}],"curies":[{"name":"wp","href":"https:\/\/api.w.org\/{rel}","templated":true}]}}