{"id":802,"date":"2021-07-23T16:47:42","date_gmt":"2021-07-23T19:47:42","guid":{"rendered":"https:\/\/ferreirawa.com.br\/cursos\/?post_type=product&#038;p=802"},"modified":"2023-08-02T09:03:30","modified_gmt":"2023-08-02T12:03:30","slug":"curso-do-issqn-imposto-sobre-servicos-de-qualquer-natureza","status":"publish","type":"product","link":"https:\/\/ferreirawa.com.br\/cursos\/produto\/curso-do-issqn-imposto-sobre-servicos-de-qualquer-natureza\/","title":{"rendered":"Curso do ISSqn &#8211; Imposto Sobre Servi\u00e7os de Qualquer Natureza"},"content":{"rendered":"<p>Curso FerreiraWA\u00a0ISSqn &#8211; Imposto Sobre Servi\u00e7os de Qualquer Natureza<br \/>\nClique no bot\u00e3o abaixo para visualizar a descri\u00e7\u00e3o do conte\u00fado do curso.<\/p>\n<p><a class=\"btn-ver-conteudo\" href=\"https:\/\/ferreirawa.com.br\/cursos\/course\/curso-do-issqn-imposto-sobre-servicos-de-qualquer-natureza\/\" target=\"_blank\" rel=\"noopener\">VISUALIZAR CONTE\u00daDO<\/a><\/p>\n<p>O ISS \u00e9 um tributo que incide sobre presta\u00e7\u00f5es de Servi\u00e7os, cobrados pelos Munic\u00edpios, gerido por Leis Complementares (FEDERAL) que regulamentaram \u00e0s normas gerais quanto aos procedimentos deste imposto com a finalidade de evitar conflitos de compet\u00eancias entre os Munic\u00edpios, sendo elas a 116\/2003 e a 157\/2016 e por Leis Ordin\u00e1rias\/ Decretos dos Munic\u00edpios.<br \/>\nEm algumas situa\u00e7\u00f5es o ISS ser\u00e1 devido e pago na sede do prestador, mas existem XXV exce\u00e7\u00f5es de servi\u00e7os que devem ser recolhidos em outros locais definidos pela LC 116\/2003 e pelas normativas dos pr\u00f3prios Munic\u00edpios.<br \/>\nNo curso, voc\u00ea vai aprender tudo a respeito deste TRIBUTO que se n\u00e3o observadas as regras corretamente o contribuinte poder\u00e1 perder muitos recursos financeiros, pois podem deixar de fazer abatimentos e at\u00e9 fazer pagamentos em duplicidade.<br \/>\nSendo assim, \u00e9 importante salientar que o ISS \u00e9 um tributo bem complexo e que pode ocorrer varia\u00e7\u00f5es a depender do local devido do imposto, de sua classifica\u00e7\u00e3o correta por c\u00f3digo de atividade e principalmente quanto as suas legisla\u00e7\u00f5es.<\/p>\n","protected":false},"excerpt":{"rendered":"<p>Curso FerreiraWA\u00a0ISSqn &#8211; Imposto Sobre Servi\u00e7os de Qualquer Natureza Clique no bot\u00e3o abaixo para visualizar a descri\u00e7\u00e3o do conte\u00fado do [&hellip;]<\/p>\n","protected":false},"featured_media":752,"comment_status":"closed","ping_status":"closed","template":"","meta":{"ocean_post_layout":"","ocean_both_sidebars_style":"","ocean_both_sidebars_content_width":0,"ocean_both_sidebars_sidebars_width":0,"ocean_sidebar":"","ocean_second_sidebar":"","ocean_disable_margins":"enable","ocean_add_body_class":"","ocean_shortcode_before_top_bar":"","ocean_shortcode_after_top_bar":"","ocean_shortcode_before_header":"","ocean_shortcode_after_header":"","ocean_has_shortcode":"","ocean_shortcode_after_title":"","ocean_shortcode_before_footer_widgets":"","ocean_shortcode_after_footer_widgets":"","ocean_shortcode_before_footer_bottom":"","ocean_shortcode_after_footer_bottom":"","ocean_display_top_bar":"default","ocean_display_header":"default","ocean_header_style":"","ocean_center_header_left_menu":"","ocean_custom_header_template":"","ocean_custom_logo":0,"ocean_custom_retina_logo":0,"ocean_custom_logo_max_width":0,"ocean_custom_logo_tablet_max_width":0,"ocean_custom_logo_mobile_max_width":0,"ocean_custom_logo_max_height":0,"ocean_custom_logo_tablet_max_height":0,"ocean_custom_logo_mobile_max_height":0,"ocean_header_custom_menu":"","ocean_menu_typo_font_family":"","ocean_menu_typo_font_subset":"","ocean_menu_typo_font_size":0,"ocean_menu_typo_font_size_tablet":0,"ocean_menu_typo_font_size_mobile":0,"ocean_menu_typo_font_size_unit":"px","ocean_menu_typo_font_weight":"","ocean_menu_typo_font_weight_tablet":"","ocean_menu_typo_font_weight_mobile":"","ocean_menu_typo_transform":"","ocean_menu_typo_transform_tablet":"","ocean_menu_typo_transform_mobile":"","ocean_menu_typo_line_height":0,"ocean_menu_typo_line_height_tablet":0,"ocean_menu_typo_line_height_mobile":0,"ocean_menu_typo_line_height_unit":"","ocean_menu_typo_spacing":0,"ocean_menu_typo_spacing_tablet":0,"ocean_menu_typo_spacing_mobile":0,"ocean_menu_typo_spacing_unit":"","ocean_menu_link_color":"","ocean_menu_link_color_hover":"","ocean_menu_link_color_active":"","ocean_menu_link_background":"","ocean_menu_link_hover_background":"","ocean_menu_link_active_background":"","ocean_menu_social_links_bg":"","ocean_menu_social_hover_links_bg":"","ocean_menu_social_links_color":"","ocean_menu_social_hover_links_color":"","ocean_disable_title":"default","ocean_disable_heading":"default","ocean_post_title":"","ocean_post_subheading":"","ocean_post_title_style":"","ocean_post_title_background_color":"","ocean_post_title_background":0,"ocean_post_title_bg_image_position":"","ocean_post_title_bg_image_attachment":"","ocean_post_title_bg_image_repeat":"","ocean_post_title_bg_image_size":"","ocean_post_title_height":0,"ocean_post_title_bg_overlay":0.5,"ocean_post_title_bg_overlay_color":"","ocean_disable_breadcrumbs":"default","ocean_breadcrumbs_color":"","ocean_breadcrumbs_separator_color":"","ocean_breadcrumbs_links_color":"","ocean_breadcrumbs_links_hover_color":"","ocean_display_footer_widgets":"default","ocean_display_footer_bottom":"default","ocean_custom_footer_template":""},"product_brand":[],"product_cat":[34,36],"product_tag":[],"class_list":{"0":"post-802","1":"product","2":"type-product","3":"status-publish","4":"has-post-thumbnail","6":"product_cat-cursos-ferreirawa","7":"product_cat-cursos-municipais","9":"entry","10":"has-media","12":"first","13":"instock","14":"virtual","15":"sold-individually","16":"taxable","17":"purchasable","18":"product-type-simple","19":"has-product-nav","20":"col","21":"span_1_of_3","22":"owp-content-center","23":"owp-thumbs-layout-horizontal","24":"owp-btn-normal","25":"owp-tabs-layout-horizontal","26":"has-no-thumbnails"},"yoast_head":"<!-- This site is optimized with the Yoast SEO plugin v26.8 - https:\/\/yoast.com\/product\/yoast-seo-wordpress\/ -->\n<title>Curso do ISSqn - Imposto Sobre Servi\u00e7os de Qualquer Natureza - Ferreirawa Cursos<\/title>\n<meta name=\"robots\" content=\"index, follow, max-snippet:-1, max-image-preview:large, max-video-preview:-1\" \/>\n<link rel=\"canonical\" href=\"https:\/\/ferreirawa.com.br\/cursos\/produto\/curso-do-issqn-imposto-sobre-servicos-de-qualquer-natureza\/\" \/>\n<meta property=\"og:locale\" content=\"pt_BR\" \/>\n<meta property=\"og:type\" content=\"article\" \/>\n<meta property=\"og:title\" content=\"Curso do ISSqn - Imposto Sobre Servi\u00e7os de Qualquer Natureza - Ferreirawa Cursos\" \/>\n<meta property=\"og:description\" content=\"Curso FerreiraWA\u00a0ISSqn &#8211; Imposto Sobre Servi\u00e7os de Qualquer Natureza Clique no bot\u00e3o abaixo para visualizar a descri\u00e7\u00e3o do conte\u00fado do [&hellip;]\" \/>\n<meta property=\"og:url\" content=\"https:\/\/ferreirawa.com.br\/cursos\/produto\/curso-do-issqn-imposto-sobre-servicos-de-qualquer-natureza\/\" \/>\n<meta property=\"og:site_name\" content=\"Ferreirawa Cursos\" \/>\n<meta property=\"article:modified_time\" content=\"2023-08-02T12:03:30+00:00\" \/>\n<meta property=\"og:image\" content=\"https:\/\/ferreirawa.com.br\/cursos\/wp-content\/uploads\/2021\/06\/curso-issqn-imposto-sobre-servicos-de-qualquer-natureza.png\" \/>\n\t<meta property=\"og:image:width\" content=\"600\" \/>\n\t<meta property=\"og:image:height\" content=\"400\" \/>\n\t<meta property=\"og:image:type\" content=\"image\/png\" \/>\n<meta name=\"twitter:card\" content=\"summary_large_image\" \/>\n<meta name=\"twitter:label1\" content=\"Est. tempo de leitura\" \/>\n\t<meta name=\"twitter:data1\" content=\"2 minutos\" \/>\n<script type=\"application\/ld+json\" class=\"yoast-schema-graph\">{\"@context\":\"https:\/\/schema.org\",\"@graph\":[{\"@type\":\"WebPage\",\"@id\":\"https:\/\/ferreirawa.com.br\/cursos\/produto\/curso-do-issqn-imposto-sobre-servicos-de-qualquer-natureza\/\",\"url\":\"https:\/\/ferreirawa.com.br\/cursos\/produto\/curso-do-issqn-imposto-sobre-servicos-de-qualquer-natureza\/\",\"name\":\"Curso do ISSqn - Imposto Sobre Servi\u00e7os de Qualquer Natureza - Ferreirawa Cursos\",\"isPartOf\":{\"@id\":\"https:\/\/ferreirawa.com.br\/cursos\/#website\"},\"primaryImageOfPage\":{\"@id\":\"https:\/\/ferreirawa.com.br\/cursos\/produto\/curso-do-issqn-imposto-sobre-servicos-de-qualquer-natureza\/#primaryimage\"},\"image\":{\"@id\":\"https:\/\/ferreirawa.com.br\/cursos\/produto\/curso-do-issqn-imposto-sobre-servicos-de-qualquer-natureza\/#primaryimage\"},\"thumbnailUrl\":\"https:\/\/ferreirawa.com.br\/cursos\/wp-content\/uploads\/2021\/06\/curso-issqn-imposto-sobre-servicos-de-qualquer-natureza.png\",\"datePublished\":\"2021-07-23T19:47:42+00:00\",\"dateModified\":\"2023-08-02T12:03:30+00:00\",\"breadcrumb\":{\"@id\":\"https:\/\/ferreirawa.com.br\/cursos\/produto\/curso-do-issqn-imposto-sobre-servicos-de-qualquer-natureza\/#breadcrumb\"},\"inLanguage\":\"pt-BR\",\"potentialAction\":[{\"@type\":\"ReadAction\",\"target\":[\"https:\/\/ferreirawa.com.br\/cursos\/produto\/curso-do-issqn-imposto-sobre-servicos-de-qualquer-natureza\/\"]}]},{\"@type\":\"ImageObject\",\"inLanguage\":\"pt-BR\",\"@id\":\"https:\/\/ferreirawa.com.br\/cursos\/produto\/curso-do-issqn-imposto-sobre-servicos-de-qualquer-natureza\/#primaryimage\",\"url\":\"https:\/\/ferreirawa.com.br\/cursos\/wp-content\/uploads\/2021\/06\/curso-issqn-imposto-sobre-servicos-de-qualquer-natureza.png\",\"contentUrl\":\"https:\/\/ferreirawa.com.br\/cursos\/wp-content\/uploads\/2021\/06\/curso-issqn-imposto-sobre-servicos-de-qualquer-natureza.png\",\"width\":600,\"height\":400,\"caption\":\"Curso do ISSqn - Imposto Sobre Servi\u00e7os de Qualquer Natureza\"},{\"@type\":\"BreadcrumbList\",\"@id\":\"https:\/\/ferreirawa.com.br\/cursos\/produto\/curso-do-issqn-imposto-sobre-servicos-de-qualquer-natureza\/#breadcrumb\",\"itemListElement\":[{\"@type\":\"ListItem\",\"position\":1,\"name\":\"In\u00edcio\",\"item\":\"https:\/\/ferreirawa.com.br\/cursos\/\"},{\"@type\":\"ListItem\",\"position\":2,\"name\":\"Loja\",\"item\":\"https:\/\/ferreirawa.com.br\/cursos\/loja\/\"},{\"@type\":\"ListItem\",\"position\":3,\"name\":\"Curso do ISSqn &#8211; Imposto Sobre Servi\u00e7os de Qualquer Natureza\"}]},{\"@type\":\"WebSite\",\"@id\":\"https:\/\/ferreirawa.com.br\/cursos\/#website\",\"url\":\"https:\/\/ferreirawa.com.br\/cursos\/\",\"name\":\"Ferreirawa Cursos\",\"description\":\"Acessoria Especializada, Cont\u00e1bil, fiscal e previdenci\u00e1rio\",\"publisher\":{\"@id\":\"https:\/\/ferreirawa.com.br\/cursos\/#organization\"},\"potentialAction\":[{\"@type\":\"SearchAction\",\"target\":{\"@type\":\"EntryPoint\",\"urlTemplate\":\"https:\/\/ferreirawa.com.br\/cursos\/?s={search_term_string}\"},\"query-input\":{\"@type\":\"PropertyValueSpecification\",\"valueRequired\":true,\"valueName\":\"search_term_string\"}}],\"inLanguage\":\"pt-BR\"},{\"@type\":\"Organization\",\"@id\":\"https:\/\/ferreirawa.com.br\/cursos\/#organization\",\"name\":\"Ferreirawa Cursos\",\"url\":\"https:\/\/ferreirawa.com.br\/cursos\/\",\"logo\":{\"@type\":\"ImageObject\",\"inLanguage\":\"pt-BR\",\"@id\":\"https:\/\/ferreirawa.com.br\/cursos\/#\/schema\/logo\/image\/\",\"url\":\"https:\/\/ferreirawa.com.br\/cursos\/wp-content\/uploads\/2021\/05\/logo.png\",\"contentUrl\":\"https:\/\/ferreirawa.com.br\/cursos\/wp-content\/uploads\/2021\/05\/logo.png\",\"width\":237,\"height\":88,\"caption\":\"Ferreirawa Cursos\"},\"image\":{\"@id\":\"https:\/\/ferreirawa.com.br\/cursos\/#\/schema\/logo\/image\/\"}}]}<\/script>\n<!-- \/ Yoast SEO plugin. -->","yoast_head_json":{"title":"Curso do ISSqn - Imposto Sobre Servi\u00e7os de Qualquer Natureza - Ferreirawa Cursos","robots":{"index":"index","follow":"follow","max-snippet":"max-snippet:-1","max-image-preview":"max-image-preview:large","max-video-preview":"max-video-preview:-1"},"canonical":"https:\/\/ferreirawa.com.br\/cursos\/produto\/curso-do-issqn-imposto-sobre-servicos-de-qualquer-natureza\/","og_locale":"pt_BR","og_type":"article","og_title":"Curso do ISSqn - Imposto Sobre Servi\u00e7os de Qualquer Natureza - Ferreirawa Cursos","og_description":"Curso FerreiraWA\u00a0ISSqn &#8211; Imposto Sobre Servi\u00e7os de Qualquer Natureza Clique no bot\u00e3o abaixo para visualizar a descri\u00e7\u00e3o do conte\u00fado do [&hellip;]","og_url":"https:\/\/ferreirawa.com.br\/cursos\/produto\/curso-do-issqn-imposto-sobre-servicos-de-qualquer-natureza\/","og_site_name":"Ferreirawa Cursos","article_modified_time":"2023-08-02T12:03:30+00:00","og_image":[{"width":600,"height":400,"url":"https:\/\/ferreirawa.com.br\/cursos\/wp-content\/uploads\/2021\/06\/curso-issqn-imposto-sobre-servicos-de-qualquer-natureza.png","type":"image\/png"}],"twitter_card":"summary_large_image","twitter_misc":{"Est. tempo de leitura":"2 minutos"},"schema":{"@context":"https:\/\/schema.org","@graph":[{"@type":"WebPage","@id":"https:\/\/ferreirawa.com.br\/cursos\/produto\/curso-do-issqn-imposto-sobre-servicos-de-qualquer-natureza\/","url":"https:\/\/ferreirawa.com.br\/cursos\/produto\/curso-do-issqn-imposto-sobre-servicos-de-qualquer-natureza\/","name":"Curso do ISSqn - Imposto Sobre Servi\u00e7os de Qualquer Natureza - Ferreirawa Cursos","isPartOf":{"@id":"https:\/\/ferreirawa.com.br\/cursos\/#website"},"primaryImageOfPage":{"@id":"https:\/\/ferreirawa.com.br\/cursos\/produto\/curso-do-issqn-imposto-sobre-servicos-de-qualquer-natureza\/#primaryimage"},"image":{"@id":"https:\/\/ferreirawa.com.br\/cursos\/produto\/curso-do-issqn-imposto-sobre-servicos-de-qualquer-natureza\/#primaryimage"},"thumbnailUrl":"https:\/\/ferreirawa.com.br\/cursos\/wp-content\/uploads\/2021\/06\/curso-issqn-imposto-sobre-servicos-de-qualquer-natureza.png","datePublished":"2021-07-23T19:47:42+00:00","dateModified":"2023-08-02T12:03:30+00:00","breadcrumb":{"@id":"https:\/\/ferreirawa.com.br\/cursos\/produto\/curso-do-issqn-imposto-sobre-servicos-de-qualquer-natureza\/#breadcrumb"},"inLanguage":"pt-BR","potentialAction":[{"@type":"ReadAction","target":["https:\/\/ferreirawa.com.br\/cursos\/produto\/curso-do-issqn-imposto-sobre-servicos-de-qualquer-natureza\/"]}]},{"@type":"ImageObject","inLanguage":"pt-BR","@id":"https:\/\/ferreirawa.com.br\/cursos\/produto\/curso-do-issqn-imposto-sobre-servicos-de-qualquer-natureza\/#primaryimage","url":"https:\/\/ferreirawa.com.br\/cursos\/wp-content\/uploads\/2021\/06\/curso-issqn-imposto-sobre-servicos-de-qualquer-natureza.png","contentUrl":"https:\/\/ferreirawa.com.br\/cursos\/wp-content\/uploads\/2021\/06\/curso-issqn-imposto-sobre-servicos-de-qualquer-natureza.png","width":600,"height":400,"caption":"Curso do ISSqn - Imposto Sobre Servi\u00e7os de Qualquer Natureza"},{"@type":"BreadcrumbList","@id":"https:\/\/ferreirawa.com.br\/cursos\/produto\/curso-do-issqn-imposto-sobre-servicos-de-qualquer-natureza\/#breadcrumb","itemListElement":[{"@type":"ListItem","position":1,"name":"In\u00edcio","item":"https:\/\/ferreirawa.com.br\/cursos\/"},{"@type":"ListItem","position":2,"name":"Loja","item":"https:\/\/ferreirawa.com.br\/cursos\/loja\/"},{"@type":"ListItem","position":3,"name":"Curso do ISSqn &#8211; Imposto Sobre Servi\u00e7os de Qualquer Natureza"}]},{"@type":"WebSite","@id":"https:\/\/ferreirawa.com.br\/cursos\/#website","url":"https:\/\/ferreirawa.com.br\/cursos\/","name":"Ferreirawa Cursos","description":"Acessoria Especializada, Cont\u00e1bil, fiscal e previdenci\u00e1rio","publisher":{"@id":"https:\/\/ferreirawa.com.br\/cursos\/#organization"},"potentialAction":[{"@type":"SearchAction","target":{"@type":"EntryPoint","urlTemplate":"https:\/\/ferreirawa.com.br\/cursos\/?s={search_term_string}"},"query-input":{"@type":"PropertyValueSpecification","valueRequired":true,"valueName":"search_term_string"}}],"inLanguage":"pt-BR"},{"@type":"Organization","@id":"https:\/\/ferreirawa.com.br\/cursos\/#organization","name":"Ferreirawa Cursos","url":"https:\/\/ferreirawa.com.br\/cursos\/","logo":{"@type":"ImageObject","inLanguage":"pt-BR","@id":"https:\/\/ferreirawa.com.br\/cursos\/#\/schema\/logo\/image\/","url":"https:\/\/ferreirawa.com.br\/cursos\/wp-content\/uploads\/2021\/05\/logo.png","contentUrl":"https:\/\/ferreirawa.com.br\/cursos\/wp-content\/uploads\/2021\/05\/logo.png","width":237,"height":88,"caption":"Ferreirawa Cursos"},"image":{"@id":"https:\/\/ferreirawa.com.br\/cursos\/#\/schema\/logo\/image\/"}}]}},"_links":{"self":[{"href":"https:\/\/ferreirawa.com.br\/cursos\/wp-json\/wp\/v2\/product\/802","targetHints":{"allow":["GET"]}}],"collection":[{"href":"https:\/\/ferreirawa.com.br\/cursos\/wp-json\/wp\/v2\/product"}],"about":[{"href":"https:\/\/ferreirawa.com.br\/cursos\/wp-json\/wp\/v2\/types\/product"}],"replies":[{"embeddable":true,"href":"https:\/\/ferreirawa.com.br\/cursos\/wp-json\/wp\/v2\/comments?post=802"}],"wp:featuredmedia":[{"embeddable":true,"href":"https:\/\/ferreirawa.com.br\/cursos\/wp-json\/wp\/v2\/media\/752"}],"wp:attachment":[{"href":"https:\/\/ferreirawa.com.br\/cursos\/wp-json\/wp\/v2\/media?parent=802"}],"wp:term":[{"taxonomy":"product_brand","embeddable":true,"href":"https:\/\/ferreirawa.com.br\/cursos\/wp-json\/wp\/v2\/product_brand?post=802"},{"taxonomy":"product_cat","embeddable":true,"href":"https:\/\/ferreirawa.com.br\/cursos\/wp-json\/wp\/v2\/product_cat?post=802"},{"taxonomy":"product_tag","embeddable":true,"href":"https:\/\/ferreirawa.com.br\/cursos\/wp-json\/wp\/v2\/product_tag?post=802"}],"curies":[{"name":"wp","href":"https:\/\/api.w.org\/{rel}","templated":true}]}}